{"id":8263,"date":"2023-09-18T12:49:18","date_gmt":"2023-09-18T10:49:18","guid":{"rendered":"http:\/\/www.clgj9277.odns.fr\/?page_id=8263"},"modified":"2023-11-14T14:02:42","modified_gmt":"2023-11-14T12:02:42","slug":"credits","status":"publish","type":"page","link":"https:\/\/fervent-galileo.51-75-243-206.plesk.page\/fr\/credits\/","title":{"rendered":"Cr\u00e9dits"},"content":{"rendered":"\t\t<div data-elementor-type=\"wp-page\" data-elementor-id=\"8263\" class=\"elementor elementor-8263\" data-elementor-post-type=\"page\">\n\t\t\t\t\t\t<section class=\"elementor-section elementor-top-section elementor-element elementor-element-cfe0fc5 elementor-section-full_width elementor-section-stretched elementor-section-height-default elementor-section-height-default\" data-id=\"cfe0fc5\" data-element_type=\"section\" data-settings=\"{&quot;stretch_section&quot;:&quot;section-stretched&quot;}\">\n\t\t\t\t\t\t<div class=\"elementor-container elementor-column-gap-default\">\n\t\t\t\t\t<div class=\"elementor-column elementor-col-100 elementor-top-column elementor-element elementor-element-85f678e\" data-id=\"85f678e\" data-element_type=\"column\">\n\t\t\t<div class=\"elementor-widget-wrap elementor-element-populated\">\n\t\t\t\t\t\t<div class=\"elementor-element elementor-element-f954496 elementor-widget elementor-widget-heading\" data-id=\"f954496\" data-element_type=\"widget\" data-widget_type=\"heading.default\">\n\t\t\t\t<div class=\"elementor-widget-container\">\n\t\t\t\t\t<h1 class=\"elementor-heading-title elementor-size-default\">Cr\u00e9dits<\/h1>\t\t\t\t<\/div>\n\t\t\t\t<\/div>\n\t\t\t\t<div class=\"elementor-element elementor-element-b779f39 elementor-widget elementor-widget-spacer\" data-id=\"b779f39\" data-element_type=\"widget\" data-widget_type=\"spacer.default\">\n\t\t\t\t<div class=\"elementor-widget-container\">\n\t\t\t\t\t\t\t<div class=\"elementor-spacer\">\n\t\t\t<div class=\"elementor-spacer-inner\"><\/div>\n\t\t<\/div>\n\t\t\t\t\t\t<\/div>\n\t\t\t\t<\/div>\n\t\t\t\t<div class=\"elementor-element elementor-element-970d45b elementor-widget-divider--view-line elementor-widget elementor-widget-divider\" data-id=\"970d45b\" data-element_type=\"widget\" data-widget_type=\"divider.default\">\n\t\t\t\t<div class=\"elementor-widget-container\">\n\t\t\t\t\t\t\t<div class=\"elementor-divider\">\n\t\t\t<span class=\"elementor-divider-separator\">\n\t\t\t\t\t\t<\/span>\n\t\t<\/div>\n\t\t\t\t\t\t<\/div>\n\t\t\t\t<\/div>\n\t\t\t\t\t<\/div>\n\t\t<\/div>\n\t\t\t\t\t<\/div>\n\t\t<\/section>\n\t\t\t\t<section class=\"elementor-section elementor-top-section elementor-element elementor-element-45f6d59 elementor-section-full_width elementor-section-stretched elementor-section-height-default elementor-section-height-default\" data-id=\"45f6d59\" data-element_type=\"section\" data-settings=\"{&quot;stretch_section&quot;:&quot;section-stretched&quot;}\">\n\t\t\t\t\t\t<div class=\"elementor-container elementor-column-gap-default\">\n\t\t\t\t\t<div class=\"elementor-column elementor-col-33 elementor-top-column elementor-element elementor-element-015f3cf elementor-hidden-tablet elementor-hidden-mobile\" data-id=\"015f3cf\" data-element_type=\"column\">\n\t\t\t<div class=\"elementor-widget-wrap\">\n\t\t\t\t\t\t\t<\/div>\n\t\t<\/div>\n\t\t\t\t<div class=\"elementor-column elementor-col-66 elementor-top-column elementor-element elementor-element-52c35ee\" data-id=\"52c35ee\" data-element_type=\"column\">\n\t\t\t<div class=\"elementor-widget-wrap elementor-element-populated\">\n\t\t\t\t\t\t<section class=\"elementor-section elementor-inner-section elementor-element elementor-element-e74e6a6 elementor-section-boxed elementor-section-height-default elementor-section-height-default\" data-id=\"e74e6a6\" data-element_type=\"section\">\n\t\t\t\t\t\t<div class=\"elementor-container elementor-column-gap-default\">\n\t\t\t\t\t<div class=\"elementor-column elementor-col-100 elementor-inner-column elementor-element elementor-element-15d40f7\" data-id=\"15d40f7\" data-element_type=\"column\">\n\t\t\t<div class=\"elementor-widget-wrap elementor-element-populated\">\n\t\t\t\t\t\t<div class=\"elementor-element elementor-element-630eaba elementor-widget elementor-widget-spacer\" data-id=\"630eaba\" data-element_type=\"widget\" data-widget_type=\"spacer.default\">\n\t\t\t\t<div class=\"elementor-widget-container\">\n\t\t\t\t\t\t\t<div class=\"elementor-spacer\">\n\t\t\t<div class=\"elementor-spacer-inner\"><\/div>\n\t\t<\/div>\n\t\t\t\t\t\t<\/div>\n\t\t\t\t<\/div>\n\t\t\t\t<div class=\"elementor-element elementor-element-d0b6099 elementor-widget elementor-widget-text-editor\" data-id=\"d0b6099\" data-element_type=\"widget\" data-widget_type=\"text-editor.default\">\n\t\t\t\t<div class=\"elementor-widget-container\">\n\t\t\t\t\t\t\t\t\t<h4><span style=\"color: #a3a9ab;\">Management de projet<\/span><\/h4><p><strong>Thibault Danquigny<\/strong><br \/>Anaxis AM<\/p><h4><span style=\"color: #a3a9ab;\">Design<\/span><\/h4><p><strong>Coralie Mili\u00e8re<\/strong><br \/>Studio Silex<br \/><a href=\"http:\/\/www.studio-silex.com\" target=\"_blank\" rel=\"noopener\">www.studio-silex.com<\/a><\/p><h4><span style=\"color: #a3a9ab;\">D\u00e9veloppement web et donn\u00e9es<\/span><\/h4><p><strong>Agence Sand<\/strong><br \/><a href=\"http:\/\/www.agencesand.fr\" target=\"_blank\" rel=\"noopener\">www.agencesand.fr<\/a><\/p><h4><span style=\"color: #a3a9ab;\">D\u00e9veloppement web<\/span><\/h4><p><b>Pecorino Studio<br \/><\/b><a href=\"http:\/\/pecorino.studio\" target=\"_blank\" rel=\"noopener\">www.pecorino.studio<\/a><\/p><h4><span style=\"color: #a3a9ab;\">Photographie<\/span><\/h4><p><strong>S\u00e9bastien Borda<\/strong><br \/><a href=\"http:\/\/www.sebastienborda.com\" target=\"_blank\" rel=\"noopener\">www.sebastienborda.com<\/a><\/p><p><strong>Milena Perdriel<\/strong><br \/><a href=\"http:\/\/www.milenap.com\" target=\"_blank\" rel=\"noopener\">www.milenap.com<\/a><\/p>\t\t\t\t\t\t\t\t<\/div>\n\t\t\t\t<\/div>\n\t\t\t\t\t<\/div>\n\t\t<\/div>\n\t\t\t\t\t<\/div>\n\t\t<\/section>\n\t\t\t\t<div class=\"elementor-element elementor-element-22b2809 elementor-widget elementor-widget-spacer\" data-id=\"22b2809\" data-element_type=\"widget\" data-widget_type=\"spacer.default\">\n\t\t\t\t<div class=\"elementor-widget-container\">\n\t\t\t\t\t\t\t<div class=\"elementor-spacer\">\n\t\t\t<div class=\"elementor-spacer-inner\"><\/div>\n\t\t<\/div>\n\t\t\t\t\t\t<\/div>\n\t\t\t\t<\/div>\n\t\t\t\t\t<\/div>\n\t\t<\/div>\n\t\t\t\t\t<\/div>\n\t\t<\/section>\n\t\t\t\t<section class=\"elementor-section elementor-top-section elementor-element elementor-element-773a670 elementor-section-full_width elementor-section-stretched elementor-section-height-default elementor-section-height-default\" data-id=\"773a670\" data-element_type=\"section\" data-settings=\"{&quot;stretch_section&quot;:&quot;section-stretched&quot;}\">\n\t\t\t\t\t\t<div class=\"elementor-container elementor-column-gap-default\">\n\t\t\t\t\t<div class=\"elementor-column elementor-col-100 elementor-top-column elementor-element elementor-element-891b94f\" data-id=\"891b94f\" data-element_type=\"column\">\n\t\t\t<div class=\"elementor-widget-wrap elementor-element-populated\">\n\t\t\t\t\t\t<div class=\"elementor-element elementor-element-6676f63 elementor-widget elementor-widget-spacer\" data-id=\"6676f63\" data-element_type=\"widget\" data-widget_type=\"spacer.default\">\n\t\t\t\t<div class=\"elementor-widget-container\">\n\t\t\t\t\t\t\t<div class=\"elementor-spacer\">\n\t\t\t<div class=\"elementor-spacer-inner\"><\/div>\n\t\t<\/div>\n\t\t\t\t\t\t<\/div>\n\t\t\t\t<\/div>\n\t\t\t\t<div class=\"elementor-element elementor-element-669e91e elementor-widget-divider--view-line elementor-widget elementor-widget-divider\" data-id=\"669e91e\" data-element_type=\"widget\" data-widget_type=\"divider.default\">\n\t\t\t\t<div class=\"elementor-widget-container\">\n\t\t\t\t\t\t\t<div class=\"elementor-divider\">\n\t\t\t<span class=\"elementor-divider-separator\">\n\t\t\t\t\t\t<\/span>\n\t\t<\/div>\n\t\t\t\t\t\t<\/div>\n\t\t\t\t<\/div>\n\t\t\t\t\t<\/div>\n\t\t<\/div>\n\t\t\t\t\t<\/div>\n\t\t<\/section>\n\t\t\t\t<\/div>\n\t\t","protected":false},"excerpt":{"rendered":"<p>Cr\u00e9dits Management de projet Thibault DanquignyAnaxis AM Design Coralie Mili\u00e8reStudio Silexwww.studio-silex.com D\u00e9veloppement web et donn\u00e9es Agence Sandwww.agencesand.fr D\u00e9veloppement web Pecorino Studiowww.pecorino.studio Photographie S\u00e9bastien Bordawww.sebastienborda.com Milena Perdrielwww.milenap.com<\/p>\n","protected":false},"author":2,"featured_media":0,"parent":0,"menu_order":0,"comment_status":"closed","ping_status":"closed","template":"","meta":{"footnotes":""},"class_list":["post-8263","page","type-page","status-publish","hentry"],"acf":[],"yoast_head":"<!-- This site is optimized with the Yoast SEO plugin v25.1 - https:\/\/yoast.com\/wordpress\/plugins\/seo\/ -->\n<title>Cr\u00e9dits - Anaxis AM<\/title>\n<meta name=\"robots\" content=\"index, follow, max-snippet:-1, max-image-preview:large, max-video-preview:-1\" \/>\n<link rel=\"canonical\" href=\"https:\/\/fervent-galileo.51-75-243-206.plesk.page\/fr\/credits\/\" \/>\n<meta property=\"og:locale\" content=\"fr_FR\" \/>\n<meta property=\"og:type\" content=\"article\" \/>\n<meta property=\"og:title\" content=\"Cr\u00e9dits - Anaxis AM\" \/>\n<meta property=\"og:description\" content=\"Cr\u00e9dits Management de projet Thibault DanquignyAnaxis AM Design Coralie Mili\u00e8reStudio Silexwww.studio-silex.com D\u00e9veloppement web et donn\u00e9es Agence Sandwww.agencesand.fr D\u00e9veloppement web Pecorino Studiowww.pecorino.studio Photographie S\u00e9bastien Bordawww.sebastienborda.com Milena Perdrielwww.milenap.com\" \/>\n<meta property=\"og:url\" content=\"https:\/\/fervent-galileo.51-75-243-206.plesk.page\/fr\/credits\/\" \/>\n<meta property=\"og:site_name\" content=\"Anaxis AM\" \/>\n<meta property=\"article:modified_time\" content=\"2023-11-14T12:02:42+00:00\" \/>\n<meta name=\"twitter:card\" content=\"summary_large_image\" \/>\n<meta name=\"twitter:site\" content=\"@AnaxisAM\" \/>\n<script type=\"application\/ld+json\" class=\"yoast-schema-graph\">{\"@context\":\"https:\/\/schema.org\",\"@graph\":[{\"@type\":\"WebPage\",\"@id\":\"https:\/\/fervent-galileo.51-75-243-206.plesk.page\/fr\/credits\/\",\"url\":\"https:\/\/fervent-galileo.51-75-243-206.plesk.page\/fr\/credits\/\",\"name\":\"Cr\u00e9dits - Anaxis AM\",\"isPartOf\":{\"@id\":\"https:\/\/fervent-galileo.51-75-243-206.plesk.page\/fr\/#website\"},\"datePublished\":\"2023-09-18T10:49:18+00:00\",\"dateModified\":\"2023-11-14T12:02:42+00:00\",\"breadcrumb\":{\"@id\":\"https:\/\/fervent-galileo.51-75-243-206.plesk.page\/fr\/credits\/#breadcrumb\"},\"inLanguage\":\"fr-FR\",\"potentialAction\":[{\"@type\":\"ReadAction\",\"target\":[\"https:\/\/fervent-galileo.51-75-243-206.plesk.page\/fr\/credits\/\"]}]},{\"@type\":\"BreadcrumbList\",\"@id\":\"https:\/\/fervent-galileo.51-75-243-206.plesk.page\/fr\/credits\/#breadcrumb\",\"itemListElement\":[{\"@type\":\"ListItem\",\"position\":1,\"name\":\"Accueil\",\"item\":\"https:\/\/fervent-galileo.51-75-243-206.plesk.page\/fr\/\"},{\"@type\":\"ListItem\",\"position\":2,\"name\":\"Cr\u00e9dits\"}]},{\"@type\":\"WebSite\",\"@id\":\"https:\/\/fervent-galileo.51-75-243-206.plesk.page\/fr\/#website\",\"url\":\"https:\/\/fervent-galileo.51-75-243-206.plesk.page\/fr\/\",\"name\":\"Anaxis AM\",\"description\":\"Gestion d&#039;obligations corporate\",\"publisher\":{\"@id\":\"https:\/\/fervent-galileo.51-75-243-206.plesk.page\/fr\/#organization\"},\"potentialAction\":[{\"@type\":\"SearchAction\",\"target\":{\"@type\":\"EntryPoint\",\"urlTemplate\":\"https:\/\/fervent-galileo.51-75-243-206.plesk.page\/fr\/?s={search_term_string}\"},\"query-input\":{\"@type\":\"PropertyValueSpecification\",\"valueRequired\":true,\"valueName\":\"search_term_string\"}}],\"inLanguage\":\"fr-FR\"},{\"@type\":\"Organization\",\"@id\":\"https:\/\/fervent-galileo.51-75-243-206.plesk.page\/fr\/#organization\",\"name\":\"Anaxis AM\",\"url\":\"https:\/\/fervent-galileo.51-75-243-206.plesk.page\/fr\/\",\"logo\":{\"@type\":\"ImageObject\",\"inLanguage\":\"fr-FR\",\"@id\":\"https:\/\/fervent-galileo.51-75-243-206.plesk.page\/fr\/#\/schema\/logo\/image\/\",\"url\":\"https:\/\/fervent-galileo.51-75-243-206.plesk.page\/wp-content\/uploads\/2023\/03\/logotype_02_noir.svg\",\"contentUrl\":\"https:\/\/fervent-galileo.51-75-243-206.plesk.page\/wp-content\/uploads\/2023\/03\/logotype_02_noir.svg\",\"width\":198,\"height\":107,\"caption\":\"Anaxis AM\"},\"image\":{\"@id\":\"https:\/\/fervent-galileo.51-75-243-206.plesk.page\/fr\/#\/schema\/logo\/image\/\"},\"sameAs\":[\"https:\/\/x.com\/AnaxisAM\",\"https:\/\/linkedin.com\/company\/anaxis-am\"]}]}<\/script>\n<!-- \/ Yoast SEO plugin. -->","yoast_head_json":{"title":"Cr\u00e9dits - Anaxis AM","robots":{"index":"index","follow":"follow","max-snippet":"max-snippet:-1","max-image-preview":"max-image-preview:large","max-video-preview":"max-video-preview:-1"},"canonical":"https:\/\/fervent-galileo.51-75-243-206.plesk.page\/fr\/credits\/","og_locale":"fr_FR","og_type":"article","og_title":"Cr\u00e9dits - Anaxis AM","og_description":"Cr\u00e9dits Management de projet Thibault DanquignyAnaxis AM Design Coralie Mili\u00e8reStudio Silexwww.studio-silex.com D\u00e9veloppement web et donn\u00e9es Agence Sandwww.agencesand.fr D\u00e9veloppement web Pecorino Studiowww.pecorino.studio Photographie S\u00e9bastien Bordawww.sebastienborda.com Milena Perdrielwww.milenap.com","og_url":"https:\/\/fervent-galileo.51-75-243-206.plesk.page\/fr\/credits\/","og_site_name":"Anaxis AM","article_modified_time":"2023-11-14T12:02:42+00:00","twitter_card":"summary_large_image","twitter_site":"@AnaxisAM","schema":{"@context":"https:\/\/schema.org","@graph":[{"@type":"WebPage","@id":"https:\/\/fervent-galileo.51-75-243-206.plesk.page\/fr\/credits\/","url":"https:\/\/fervent-galileo.51-75-243-206.plesk.page\/fr\/credits\/","name":"Cr\u00e9dits - Anaxis AM","isPartOf":{"@id":"https:\/\/fervent-galileo.51-75-243-206.plesk.page\/fr\/#website"},"datePublished":"2023-09-18T10:49:18+00:00","dateModified":"2023-11-14T12:02:42+00:00","breadcrumb":{"@id":"https:\/\/fervent-galileo.51-75-243-206.plesk.page\/fr\/credits\/#breadcrumb"},"inLanguage":"fr-FR","potentialAction":[{"@type":"ReadAction","target":["https:\/\/fervent-galileo.51-75-243-206.plesk.page\/fr\/credits\/"]}]},{"@type":"BreadcrumbList","@id":"https:\/\/fervent-galileo.51-75-243-206.plesk.page\/fr\/credits\/#breadcrumb","itemListElement":[{"@type":"ListItem","position":1,"name":"Accueil","item":"https:\/\/fervent-galileo.51-75-243-206.plesk.page\/fr\/"},{"@type":"ListItem","position":2,"name":"Cr\u00e9dits"}]},{"@type":"WebSite","@id":"https:\/\/fervent-galileo.51-75-243-206.plesk.page\/fr\/#website","url":"https:\/\/fervent-galileo.51-75-243-206.plesk.page\/fr\/","name":"Anaxis AM","description":"Gestion d&#039;obligations corporate","publisher":{"@id":"https:\/\/fervent-galileo.51-75-243-206.plesk.page\/fr\/#organization"},"potentialAction":[{"@type":"SearchAction","target":{"@type":"EntryPoint","urlTemplate":"https:\/\/fervent-galileo.51-75-243-206.plesk.page\/fr\/?s={search_term_string}"},"query-input":{"@type":"PropertyValueSpecification","valueRequired":true,"valueName":"search_term_string"}}],"inLanguage":"fr-FR"},{"@type":"Organization","@id":"https:\/\/fervent-galileo.51-75-243-206.plesk.page\/fr\/#organization","name":"Anaxis AM","url":"https:\/\/fervent-galileo.51-75-243-206.plesk.page\/fr\/","logo":{"@type":"ImageObject","inLanguage":"fr-FR","@id":"https:\/\/fervent-galileo.51-75-243-206.plesk.page\/fr\/#\/schema\/logo\/image\/","url":"https:\/\/fervent-galileo.51-75-243-206.plesk.page\/wp-content\/uploads\/2023\/03\/logotype_02_noir.svg","contentUrl":"https:\/\/fervent-galileo.51-75-243-206.plesk.page\/wp-content\/uploads\/2023\/03\/logotype_02_noir.svg","width":198,"height":107,"caption":"Anaxis AM"},"image":{"@id":"https:\/\/fervent-galileo.51-75-243-206.plesk.page\/fr\/#\/schema\/logo\/image\/"},"sameAs":["https:\/\/x.com\/AnaxisAM","https:\/\/linkedin.com\/company\/anaxis-am"]}]}},"_links":{"self":[{"href":"https:\/\/fervent-galileo.51-75-243-206.plesk.page\/fr\/wp-json\/wp\/v2\/pages\/8263","targetHints":{"allow":["GET"]}}],"collection":[{"href":"https:\/\/fervent-galileo.51-75-243-206.plesk.page\/fr\/wp-json\/wp\/v2\/pages"}],"about":[{"href":"https:\/\/fervent-galileo.51-75-243-206.plesk.page\/fr\/wp-json\/wp\/v2\/types\/page"}],"author":[{"embeddable":true,"href":"https:\/\/fervent-galileo.51-75-243-206.plesk.page\/fr\/wp-json\/wp\/v2\/users\/2"}],"replies":[{"embeddable":true,"href":"https:\/\/fervent-galileo.51-75-243-206.plesk.page\/fr\/wp-json\/wp\/v2\/comments?post=8263"}],"version-history":[{"count":34,"href":"https:\/\/fervent-galileo.51-75-243-206.plesk.page\/fr\/wp-json\/wp\/v2\/pages\/8263\/revisions"}],"predecessor-version":[{"id":11605,"href":"https:\/\/fervent-galileo.51-75-243-206.plesk.page\/fr\/wp-json\/wp\/v2\/pages\/8263\/revisions\/11605"}],"wp:attachment":[{"href":"https:\/\/fervent-galileo.51-75-243-206.plesk.page\/fr\/wp-json\/wp\/v2\/media?parent=8263"}],"curies":[{"name":"wp","href":"https:\/\/api.w.org\/{rel}","templated":true}]}}