{"id":8261,"date":"2023-09-18T12:48:56","date_gmt":"2023-09-18T10:48:56","guid":{"rendered":"http:\/\/www.clgj9277.odns.fr\/?page_id=8261"},"modified":"2023-09-19T15:57:07","modified_gmt":"2023-09-19T13:57:07","slug":"vie-privee","status":"publish","type":"page","link":"https:\/\/fervent-galileo.51-75-243-206.plesk.page\/fr\/vie-privee\/","title":{"rendered":"Vie priv\u00e9e"},"content":{"rendered":"\t\t<div data-elementor-type=\"wp-page\" data-elementor-id=\"8261\" class=\"elementor elementor-8261\" data-elementor-post-type=\"page\">\n\t\t\t\t\t\t<section class=\"elementor-section elementor-top-section elementor-element elementor-element-cfe0fc5 elementor-section-full_width elementor-section-stretched elementor-section-height-default elementor-section-height-default\" data-id=\"cfe0fc5\" data-element_type=\"section\" data-settings=\"{&quot;stretch_section&quot;:&quot;section-stretched&quot;}\">\n\t\t\t\t\t\t<div class=\"elementor-container elementor-column-gap-default\">\n\t\t\t\t\t<div class=\"elementor-column elementor-col-100 elementor-top-column elementor-element elementor-element-85f678e\" data-id=\"85f678e\" data-element_type=\"column\">\n\t\t\t<div class=\"elementor-widget-wrap elementor-element-populated\">\n\t\t\t\t\t\t<div class=\"elementor-element elementor-element-f954496 elementor-widget elementor-widget-heading\" data-id=\"f954496\" data-element_type=\"widget\" data-widget_type=\"heading.default\">\n\t\t\t\t<div class=\"elementor-widget-container\">\n\t\t\t\t\t<h1 class=\"elementor-heading-title elementor-size-default\">Vie priv\u00e9e<\/h1>\t\t\t\t<\/div>\n\t\t\t\t<\/div>\n\t\t\t\t<div class=\"elementor-element elementor-element-b779f39 elementor-widget elementor-widget-spacer\" data-id=\"b779f39\" data-element_type=\"widget\" data-widget_type=\"spacer.default\">\n\t\t\t\t<div class=\"elementor-widget-container\">\n\t\t\t\t\t\t\t<div class=\"elementor-spacer\">\n\t\t\t<div class=\"elementor-spacer-inner\"><\/div>\n\t\t<\/div>\n\t\t\t\t\t\t<\/div>\n\t\t\t\t<\/div>\n\t\t\t\t<div class=\"elementor-element elementor-element-970d45b elementor-widget-divider--view-line elementor-widget elementor-widget-divider\" data-id=\"970d45b\" data-element_type=\"widget\" data-widget_type=\"divider.default\">\n\t\t\t\t<div class=\"elementor-widget-container\">\n\t\t\t\t\t\t\t<div class=\"elementor-divider\">\n\t\t\t<span class=\"elementor-divider-separator\">\n\t\t\t\t\t\t<\/span>\n\t\t<\/div>\n\t\t\t\t\t\t<\/div>\n\t\t\t\t<\/div>\n\t\t\t\t\t<\/div>\n\t\t<\/div>\n\t\t\t\t\t<\/div>\n\t\t<\/section>\n\t\t\t\t<section class=\"elementor-section elementor-top-section elementor-element elementor-element-45f6d59 elementor-section-full_width elementor-section-stretched elementor-section-height-default elementor-section-height-default\" data-id=\"45f6d59\" data-element_type=\"section\" data-settings=\"{&quot;stretch_section&quot;:&quot;section-stretched&quot;}\">\n\t\t\t\t\t\t<div class=\"elementor-container elementor-column-gap-default\">\n\t\t\t\t\t<div class=\"elementor-column elementor-col-33 elementor-top-column elementor-element elementor-element-015f3cf elementor-hidden-tablet elementor-hidden-mobile\" data-id=\"015f3cf\" data-element_type=\"column\">\n\t\t\t<div class=\"elementor-widget-wrap\">\n\t\t\t\t\t\t\t<\/div>\n\t\t<\/div>\n\t\t\t\t<div class=\"elementor-column elementor-col-66 elementor-top-column elementor-element elementor-element-52c35ee\" data-id=\"52c35ee\" data-element_type=\"column\">\n\t\t\t<div class=\"elementor-widget-wrap elementor-element-populated\">\n\t\t\t\t\t\t<section class=\"elementor-section elementor-inner-section elementor-element elementor-element-e74e6a6 elementor-section-boxed elementor-section-height-default elementor-section-height-default\" data-id=\"e74e6a6\" data-element_type=\"section\">\n\t\t\t\t\t\t<div class=\"elementor-container elementor-column-gap-default\">\n\t\t\t\t\t<div class=\"elementor-column elementor-col-100 elementor-inner-column elementor-element elementor-element-15d40f7\" data-id=\"15d40f7\" data-element_type=\"column\">\n\t\t\t<div class=\"elementor-widget-wrap elementor-element-populated\">\n\t\t\t\t\t\t<div class=\"elementor-element elementor-element-630eaba elementor-widget elementor-widget-spacer\" data-id=\"630eaba\" data-element_type=\"widget\" data-widget_type=\"spacer.default\">\n\t\t\t\t<div class=\"elementor-widget-container\">\n\t\t\t\t\t\t\t<div class=\"elementor-spacer\">\n\t\t\t<div class=\"elementor-spacer-inner\"><\/div>\n\t\t<\/div>\n\t\t\t\t\t\t<\/div>\n\t\t\t\t<\/div>\n\t\t\t\t<div class=\"elementor-element elementor-element-d0b6099 elementor-widget elementor-widget-text-editor\" data-id=\"d0b6099\" data-element_type=\"widget\" data-widget_type=\"text-editor.default\">\n\t\t\t\t<div class=\"elementor-widget-container\">\n\t\t\t\t\t\t\t\t\t<h3>Qu&rsquo;est-ce qu&rsquo;un cookie ?<\/h3><p>Un cookie est un petit traceur d\u00e9pos\u00e9 sur votre ordinateur, appareil ou mobile lors de votre navigation du site ANAXIS. Ces Cookies permettent au site ANAXIS de recueillir des informations relatives \u00e0 votre visite, telles que votre parcours sur le site ou votre langue de pr\u00e9f\u00e9rence, afin d&rsquo;am\u00e9liorer l&rsquo;exp\u00e9rience de navigation ainsi que le contenu et les fonctionnalit\u00e9s du site ANAXIS. A travers notre bandeau et cette politique, ANAXIS vous informe que lors de vos visites sur le site ANAXIS, des Cookies peuvent \u00eatre d\u00e9pos\u00e9s sur votre terminal.<\/p><h3>Nous utilisons les cookies pour :<\/h3><ul><li>M\u00e9moriser vos informations de connexion.<\/li><li>Vous identifier lorsque vous vous connectez \u00e0 nos sites Web.<\/li><li>Collecter des informations analytiques pour, par exemple, compter le nombre de visiteurs sur nos sites Web et identifier les pages de nos sites que vous visitez le plus souvent. Nous utilisons les donn\u00e9es d&rsquo;analyse que nous collectons \u00e0 des fins marketing et de planification des ressources.<\/li><\/ul><h3>Quels sont les cookies pr\u00e9sents sur le Site ?<\/h3><ul><li><i>Les cookies de session\u00a0:<\/i><br \/>ANAXIS utilise des cookies techniques strictement n\u00e9cessaires au bon fonctionnement du site, et plus particuli\u00e8rement des cookies de session, permettant \u00e0 notre site de vous reconna\u00eetre d&rsquo;une page \u00e0 l&rsquo;autre lorsque vous y naviguez.<\/li><li><i>Les cookies de mesure d&rsquo;audience:<\/i><br \/>En vue d&rsquo;adapter ce site \u00e0 vos demandes, ANAXIS mesure le nombre de visites, le nombre de pages vues ainsi que de votre navigation sur le Site. A cet effet, ANAXIS utilise des outils de statistiques tels que Google Analytics.<br \/>Pour plus d&rsquo;informations, nous vous invitons \u00e0 consulter la page &lsquo;Protection de vos donn\u00e9es&rsquo; de Google \u00e0 l&rsquo;adresse suivante : <a href=\"https:\/\/support.google.com\/analytics\/answer\/6004245\" target=\"_blank\" rel=\"noopener\">https:\/\/support.google.com\/analytics\/answer\/6004245<\/a><\/li><\/ul><h3>Comment pouvez-vous accepter, refuser ou supprimer les cookies dans votre navigateur ?<\/h3><p>Il existe plusieurs moyens d&rsquo;effacer le d\u00e9p\u00f4t de cookies. Le menu de la plupart des navigateurs comporte des options vous permettant de g\u00e9rer vos cookies en r\u00e9glant ou en configurant vos param\u00e8tres de cookies. G\u00e9n\u00e9ralement, le navigateur vous offre la possibilit\u00e9 :<\/p><ul><li>d&rsquo;afficher vos cookies ;<\/li><li>d&rsquo;autoriser les cookies ;<\/li><li>de d\u00e9sactiver tous les cookies, ou uniquement des cookies pr\u00e9cis ;<\/li><li>de d\u00e9sactiver tous les cookies lorsque vous fermez votre navigateur ;<\/li><li>de bloquer les cookies ;<\/li><li>d&rsquo;\u00eatre inform\u00e9 lorsque vous recevez un cookie.<\/li><\/ul><p>Veuillez noter que si vous choisissez de bloquer nos cookies, certaines des fonctionnalit\u00e9s de nos sites Web seront d\u00e9sactiv\u00e9es et votre navigation risque \u00e9galement d&rsquo;en \u00eatre affect\u00e9e. Si vous configurez les options de votre navigateur pour supprimer tous les cookies, vos pr\u00e9f\u00e9rences de navigation seront effac\u00e9es \u00e0 la fermeture de votre navigateur.<\/p><p><u>Veuillez noter\u00a0qu&rsquo;\u00e0 moins que vous n&rsquo;ayez r\u00e9gl\u00e9 les param\u00e8tres de votre navigateur de fa\u00e7on \u00e0 refuser les cookies, notre syst\u00e8me \u00e9mettra des cookies d\u00e8s que vous vous rendrez sur l&rsquo;un de nos sites.<\/u><\/p><ul><li><u>Firefox<\/u><br \/>Nous vous invitons \u00e0 consulter la page suivante :\u00a0<a href=\"https:\/\/support.mozilla.org\/fr\/kb\/activer-desactiver-cookies\" target=\"_blank\" rel=\"noopener\">https:\/\/support.mozilla.org\/fr\/kb\/activer-desactiver-cookies<\/a><\/li><li><u>Safari<\/u><br \/>Lancez votre navigateur Safari. Cliquez sur le menu Safari, puis s\u00e9lectionnez Pr\u00e9f\u00e9rences. Dans la fen\u00eatre Pr\u00e9f\u00e9rences, s\u00e9lectionnez l&rsquo;onglet S\u00e9curit\u00e9. Dans la zone \u00a0Accepter les cookies, cochez la case correspondant au param\u00e9trage des cookies que vous souhaitez.<\/li><li><u>Google Chrome<\/u><br \/>Si vous effacez les cookies, vous \u00eates d\u00e9connect\u00e9 des sites Web, et vos pr\u00e9f\u00e9rences enregistr\u00e9es risquent d&rsquo;\u00eatre supprim\u00e9es.<br \/>1. Sur votre ordinateur, ouvrez\u00a0Chrome<br \/>2. Dans l&rsquo;angle sup\u00e9rieur droit, cliquez sur Plus &gt; Param\u00e8tres\u00a0<br \/>3. En bas, cliquez sur Param\u00e8tres avanc\u00e9s<br \/>4. Dans la section &lsquo;Confidentialit\u00e9 et s\u00e9curit\u00e9&rsquo;, cliquez sur\u00a0Param\u00e8tres du\u00a0contenu<br \/>5. Cliquez sur\u00a0Cookies<br \/>6. Dans la section &lsquo;Ensemble des cookies et donn\u00e9es de site&rsquo;, cliquez sur\u00a0Tout supprimer<br \/>7. Confirmez la suppression en cliquant sur\u00a0Tout effacer<br \/>Nous invitons les Utilisateurs \u00e0 consulter la page suivante :\u00a0<a href=\"https:\/\/support.google.com\/chrome\/answer\/95647?hl=fr\" target=\"_blank\" rel=\"noopener\">https:\/\/support.google.com\/chrome\/answer\/95647?hl=fr<\/a><\/li><\/ul>\t\t\t\t\t\t\t\t<\/div>\n\t\t\t\t<\/div>\n\t\t\t\t\t<\/div>\n\t\t<\/div>\n\t\t\t\t\t<\/div>\n\t\t<\/section>\n\t\t\t\t<div class=\"elementor-element elementor-element-22b2809 elementor-widget elementor-widget-spacer\" data-id=\"22b2809\" data-element_type=\"widget\" data-widget_type=\"spacer.default\">\n\t\t\t\t<div class=\"elementor-widget-container\">\n\t\t\t\t\t\t\t<div class=\"elementor-spacer\">\n\t\t\t<div class=\"elementor-spacer-inner\"><\/div>\n\t\t<\/div>\n\t\t\t\t\t\t<\/div>\n\t\t\t\t<\/div>\n\t\t\t\t\t<\/div>\n\t\t<\/div>\n\t\t\t\t\t<\/div>\n\t\t<\/section>\n\t\t\t\t<section class=\"elementor-section elementor-top-section elementor-element elementor-element-773a670 elementor-section-full_width elementor-section-stretched elementor-section-height-default elementor-section-height-default\" data-id=\"773a670\" data-element_type=\"section\" data-settings=\"{&quot;stretch_section&quot;:&quot;section-stretched&quot;}\">\n\t\t\t\t\t\t<div class=\"elementor-container elementor-column-gap-default\">\n\t\t\t\t\t<div class=\"elementor-column elementor-col-100 elementor-top-column elementor-element elementor-element-891b94f\" data-id=\"891b94f\" data-element_type=\"column\">\n\t\t\t<div class=\"elementor-widget-wrap elementor-element-populated\">\n\t\t\t\t\t\t<div class=\"elementor-element elementor-element-6676f63 elementor-widget elementor-widget-spacer\" data-id=\"6676f63\" data-element_type=\"widget\" data-widget_type=\"spacer.default\">\n\t\t\t\t<div class=\"elementor-widget-container\">\n\t\t\t\t\t\t\t<div class=\"elementor-spacer\">\n\t\t\t<div class=\"elementor-spacer-inner\"><\/div>\n\t\t<\/div>\n\t\t\t\t\t\t<\/div>\n\t\t\t\t<\/div>\n\t\t\t\t<div class=\"elementor-element elementor-element-669e91e elementor-widget-divider--view-line elementor-widget elementor-widget-divider\" data-id=\"669e91e\" data-element_type=\"widget\" data-widget_type=\"divider.default\">\n\t\t\t\t<div class=\"elementor-widget-container\">\n\t\t\t\t\t\t\t<div class=\"elementor-divider\">\n\t\t\t<span class=\"elementor-divider-separator\">\n\t\t\t\t\t\t<\/span>\n\t\t<\/div>\n\t\t\t\t\t\t<\/div>\n\t\t\t\t<\/div>\n\t\t\t\t\t<\/div>\n\t\t<\/div>\n\t\t\t\t\t<\/div>\n\t\t<\/section>\n\t\t\t\t<\/div>\n\t\t","protected":false},"excerpt":{"rendered":"<p>Vie priv\u00e9e Qu&rsquo;est-ce qu&rsquo;un cookie ? Un cookie est un petit traceur d\u00e9pos\u00e9 sur votre ordinateur, appareil ou mobile lors de votre navigation du site ANAXIS. Ces Cookies permettent au site ANAXIS de recueillir des informations relatives \u00e0 votre visite, telles que votre parcours sur le site ou votre langue de pr\u00e9f\u00e9rence, afin d&rsquo;am\u00e9liorer l&rsquo;exp\u00e9rience [&hellip;]<\/p>\n","protected":false},"author":2,"featured_media":0,"parent":0,"menu_order":0,"comment_status":"closed","ping_status":"closed","template":"","meta":{"footnotes":""},"class_list":["post-8261","page","type-page","status-publish","hentry"],"acf":[],"yoast_head":"<!-- This site is optimized with the Yoast SEO plugin v25.1 - https:\/\/yoast.com\/wordpress\/plugins\/seo\/ -->\n<title>Vie priv\u00e9e - Anaxis AM<\/title>\n<meta name=\"robots\" content=\"index, follow, max-snippet:-1, max-image-preview:large, max-video-preview:-1\" \/>\n<link rel=\"canonical\" href=\"https:\/\/fervent-galileo.51-75-243-206.plesk.page\/fr\/vie-privee\/\" \/>\n<meta property=\"og:locale\" content=\"fr_FR\" \/>\n<meta property=\"og:type\" content=\"article\" \/>\n<meta property=\"og:title\" content=\"Vie priv\u00e9e - Anaxis AM\" \/>\n<meta property=\"og:description\" content=\"Vie priv\u00e9e Qu&rsquo;est-ce qu&rsquo;un cookie ? Un cookie est un petit traceur d\u00e9pos\u00e9 sur votre ordinateur, appareil ou mobile lors de votre navigation du site ANAXIS. Ces Cookies permettent au site ANAXIS de recueillir des informations relatives \u00e0 votre visite, telles que votre parcours sur le site ou votre langue de pr\u00e9f\u00e9rence, afin d&rsquo;am\u00e9liorer l&rsquo;exp\u00e9rience [&hellip;]\" \/>\n<meta property=\"og:url\" content=\"https:\/\/fervent-galileo.51-75-243-206.plesk.page\/fr\/vie-privee\/\" \/>\n<meta property=\"og:site_name\" content=\"Anaxis AM\" \/>\n<meta property=\"article:modified_time\" content=\"2023-09-19T13:57:07+00:00\" \/>\n<meta name=\"twitter:card\" content=\"summary_large_image\" \/>\n<meta name=\"twitter:site\" content=\"@AnaxisAM\" \/>\n<meta name=\"twitter:label1\" content=\"Dur\u00e9e de lecture estim\u00e9e\" \/>\n\t<meta name=\"twitter:data1\" content=\"3 minutes\" \/>\n<script type=\"application\/ld+json\" class=\"yoast-schema-graph\">{\"@context\":\"https:\/\/schema.org\",\"@graph\":[{\"@type\":\"WebPage\",\"@id\":\"https:\/\/fervent-galileo.51-75-243-206.plesk.page\/fr\/vie-privee\/\",\"url\":\"https:\/\/fervent-galileo.51-75-243-206.plesk.page\/fr\/vie-privee\/\",\"name\":\"Vie priv\u00e9e - Anaxis AM\",\"isPartOf\":{\"@id\":\"https:\/\/fervent-galileo.51-75-243-206.plesk.page\/fr\/#website\"},\"datePublished\":\"2023-09-18T10:48:56+00:00\",\"dateModified\":\"2023-09-19T13:57:07+00:00\",\"breadcrumb\":{\"@id\":\"https:\/\/fervent-galileo.51-75-243-206.plesk.page\/fr\/vie-privee\/#breadcrumb\"},\"inLanguage\":\"fr-FR\",\"potentialAction\":[{\"@type\":\"ReadAction\",\"target\":[\"https:\/\/fervent-galileo.51-75-243-206.plesk.page\/fr\/vie-privee\/\"]}]},{\"@type\":\"BreadcrumbList\",\"@id\":\"https:\/\/fervent-galileo.51-75-243-206.plesk.page\/fr\/vie-privee\/#breadcrumb\",\"itemListElement\":[{\"@type\":\"ListItem\",\"position\":1,\"name\":\"Accueil\",\"item\":\"https:\/\/fervent-galileo.51-75-243-206.plesk.page\/fr\/\"},{\"@type\":\"ListItem\",\"position\":2,\"name\":\"Vie priv\u00e9e\"}]},{\"@type\":\"WebSite\",\"@id\":\"https:\/\/fervent-galileo.51-75-243-206.plesk.page\/fr\/#website\",\"url\":\"https:\/\/fervent-galileo.51-75-243-206.plesk.page\/fr\/\",\"name\":\"Anaxis AM\",\"description\":\"Gestion d&#039;obligations corporate\",\"publisher\":{\"@id\":\"https:\/\/fervent-galileo.51-75-243-206.plesk.page\/fr\/#organization\"},\"potentialAction\":[{\"@type\":\"SearchAction\",\"target\":{\"@type\":\"EntryPoint\",\"urlTemplate\":\"https:\/\/fervent-galileo.51-75-243-206.plesk.page\/fr\/?s={search_term_string}\"},\"query-input\":{\"@type\":\"PropertyValueSpecification\",\"valueRequired\":true,\"valueName\":\"search_term_string\"}}],\"inLanguage\":\"fr-FR\"},{\"@type\":\"Organization\",\"@id\":\"https:\/\/fervent-galileo.51-75-243-206.plesk.page\/fr\/#organization\",\"name\":\"Anaxis AM\",\"url\":\"https:\/\/fervent-galileo.51-75-243-206.plesk.page\/fr\/\",\"logo\":{\"@type\":\"ImageObject\",\"inLanguage\":\"fr-FR\",\"@id\":\"https:\/\/fervent-galileo.51-75-243-206.plesk.page\/fr\/#\/schema\/logo\/image\/\",\"url\":\"https:\/\/fervent-galileo.51-75-243-206.plesk.page\/wp-content\/uploads\/2023\/03\/logotype_02_noir.svg\",\"contentUrl\":\"https:\/\/fervent-galileo.51-75-243-206.plesk.page\/wp-content\/uploads\/2023\/03\/logotype_02_noir.svg\",\"width\":198,\"height\":107,\"caption\":\"Anaxis AM\"},\"image\":{\"@id\":\"https:\/\/fervent-galileo.51-75-243-206.plesk.page\/fr\/#\/schema\/logo\/image\/\"},\"sameAs\":[\"https:\/\/x.com\/AnaxisAM\",\"https:\/\/linkedin.com\/company\/anaxis-am\"]}]}<\/script>\n<!-- \/ Yoast SEO plugin. -->","yoast_head_json":{"title":"Vie priv\u00e9e - Anaxis AM","robots":{"index":"index","follow":"follow","max-snippet":"max-snippet:-1","max-image-preview":"max-image-preview:large","max-video-preview":"max-video-preview:-1"},"canonical":"https:\/\/fervent-galileo.51-75-243-206.plesk.page\/fr\/vie-privee\/","og_locale":"fr_FR","og_type":"article","og_title":"Vie priv\u00e9e - Anaxis AM","og_description":"Vie priv\u00e9e Qu&rsquo;est-ce qu&rsquo;un cookie ? Un cookie est un petit traceur d\u00e9pos\u00e9 sur votre ordinateur, appareil ou mobile lors de votre navigation du site ANAXIS. Ces Cookies permettent au site ANAXIS de recueillir des informations relatives \u00e0 votre visite, telles que votre parcours sur le site ou votre langue de pr\u00e9f\u00e9rence, afin d&rsquo;am\u00e9liorer l&rsquo;exp\u00e9rience [&hellip;]","og_url":"https:\/\/fervent-galileo.51-75-243-206.plesk.page\/fr\/vie-privee\/","og_site_name":"Anaxis AM","article_modified_time":"2023-09-19T13:57:07+00:00","twitter_card":"summary_large_image","twitter_site":"@AnaxisAM","twitter_misc":{"Dur\u00e9e de lecture estim\u00e9e":"3 minutes"},"schema":{"@context":"https:\/\/schema.org","@graph":[{"@type":"WebPage","@id":"https:\/\/fervent-galileo.51-75-243-206.plesk.page\/fr\/vie-privee\/","url":"https:\/\/fervent-galileo.51-75-243-206.plesk.page\/fr\/vie-privee\/","name":"Vie priv\u00e9e - Anaxis AM","isPartOf":{"@id":"https:\/\/fervent-galileo.51-75-243-206.plesk.page\/fr\/#website"},"datePublished":"2023-09-18T10:48:56+00:00","dateModified":"2023-09-19T13:57:07+00:00","breadcrumb":{"@id":"https:\/\/fervent-galileo.51-75-243-206.plesk.page\/fr\/vie-privee\/#breadcrumb"},"inLanguage":"fr-FR","potentialAction":[{"@type":"ReadAction","target":["https:\/\/fervent-galileo.51-75-243-206.plesk.page\/fr\/vie-privee\/"]}]},{"@type":"BreadcrumbList","@id":"https:\/\/fervent-galileo.51-75-243-206.plesk.page\/fr\/vie-privee\/#breadcrumb","itemListElement":[{"@type":"ListItem","position":1,"name":"Accueil","item":"https:\/\/fervent-galileo.51-75-243-206.plesk.page\/fr\/"},{"@type":"ListItem","position":2,"name":"Vie priv\u00e9e"}]},{"@type":"WebSite","@id":"https:\/\/fervent-galileo.51-75-243-206.plesk.page\/fr\/#website","url":"https:\/\/fervent-galileo.51-75-243-206.plesk.page\/fr\/","name":"Anaxis AM","description":"Gestion d&#039;obligations corporate","publisher":{"@id":"https:\/\/fervent-galileo.51-75-243-206.plesk.page\/fr\/#organization"},"potentialAction":[{"@type":"SearchAction","target":{"@type":"EntryPoint","urlTemplate":"https:\/\/fervent-galileo.51-75-243-206.plesk.page\/fr\/?s={search_term_string}"},"query-input":{"@type":"PropertyValueSpecification","valueRequired":true,"valueName":"search_term_string"}}],"inLanguage":"fr-FR"},{"@type":"Organization","@id":"https:\/\/fervent-galileo.51-75-243-206.plesk.page\/fr\/#organization","name":"Anaxis AM","url":"https:\/\/fervent-galileo.51-75-243-206.plesk.page\/fr\/","logo":{"@type":"ImageObject","inLanguage":"fr-FR","@id":"https:\/\/fervent-galileo.51-75-243-206.plesk.page\/fr\/#\/schema\/logo\/image\/","url":"https:\/\/fervent-galileo.51-75-243-206.plesk.page\/wp-content\/uploads\/2023\/03\/logotype_02_noir.svg","contentUrl":"https:\/\/fervent-galileo.51-75-243-206.plesk.page\/wp-content\/uploads\/2023\/03\/logotype_02_noir.svg","width":198,"height":107,"caption":"Anaxis AM"},"image":{"@id":"https:\/\/fervent-galileo.51-75-243-206.plesk.page\/fr\/#\/schema\/logo\/image\/"},"sameAs":["https:\/\/x.com\/AnaxisAM","https:\/\/linkedin.com\/company\/anaxis-am"]}]}},"_links":{"self":[{"href":"https:\/\/fervent-galileo.51-75-243-206.plesk.page\/fr\/wp-json\/wp\/v2\/pages\/8261","targetHints":{"allow":["GET"]}}],"collection":[{"href":"https:\/\/fervent-galileo.51-75-243-206.plesk.page\/fr\/wp-json\/wp\/v2\/pages"}],"about":[{"href":"https:\/\/fervent-galileo.51-75-243-206.plesk.page\/fr\/wp-json\/wp\/v2\/types\/page"}],"author":[{"embeddable":true,"href":"https:\/\/fervent-galileo.51-75-243-206.plesk.page\/fr\/wp-json\/wp\/v2\/users\/2"}],"replies":[{"embeddable":true,"href":"https:\/\/fervent-galileo.51-75-243-206.plesk.page\/fr\/wp-json\/wp\/v2\/comments?post=8261"}],"version-history":[{"count":13,"href":"https:\/\/fervent-galileo.51-75-243-206.plesk.page\/fr\/wp-json\/wp\/v2\/pages\/8261\/revisions"}],"predecessor-version":[{"id":8541,"href":"https:\/\/fervent-galileo.51-75-243-206.plesk.page\/fr\/wp-json\/wp\/v2\/pages\/8261\/revisions\/8541"}],"wp:attachment":[{"href":"https:\/\/fervent-galileo.51-75-243-206.plesk.page\/fr\/wp-json\/wp\/v2\/media?parent=8261"}],"curies":[{"name":"wp","href":"https:\/\/api.w.org\/{rel}","templated":true}]}}