{"id":8259,"date":"2023-09-18T12:48:34","date_gmt":"2023-09-18T10:48:34","guid":{"rendered":"http:\/\/www.clgj9277.odns.fr\/?page_id=8259"},"modified":"2023-11-21T13:15:52","modified_gmt":"2023-11-21T11:15:52","slug":"mentions-legales","status":"publish","type":"page","link":"https:\/\/fervent-galileo.51-75-243-206.plesk.page\/fr\/mentions-legales\/","title":{"rendered":"Mentions L\u00e9gales"},"content":{"rendered":"\t\t<div data-elementor-type=\"wp-page\" data-elementor-id=\"8259\" class=\"elementor elementor-8259\" data-elementor-post-type=\"page\">\n\t\t\t\t\t\t<section class=\"elementor-section elementor-top-section elementor-element elementor-element-cfe0fc5 elementor-section-full_width elementor-section-stretched elementor-section-height-default elementor-section-height-default\" data-id=\"cfe0fc5\" data-element_type=\"section\" data-settings=\"{&quot;stretch_section&quot;:&quot;section-stretched&quot;}\">\n\t\t\t\t\t\t<div class=\"elementor-container elementor-column-gap-default\">\n\t\t\t\t\t<div class=\"elementor-column elementor-col-100 elementor-top-column elementor-element elementor-element-85f678e\" data-id=\"85f678e\" data-element_type=\"column\">\n\t\t\t<div class=\"elementor-widget-wrap elementor-element-populated\">\n\t\t\t\t\t\t<div class=\"elementor-element elementor-element-f954496 elementor-widget elementor-widget-heading\" data-id=\"f954496\" data-element_type=\"widget\" data-widget_type=\"heading.default\">\n\t\t\t\t<div class=\"elementor-widget-container\">\n\t\t\t\t\t<h1 class=\"elementor-heading-title elementor-size-default\">Mentions l\u00e9gales<\/h1>\t\t\t\t<\/div>\n\t\t\t\t<\/div>\n\t\t\t\t<div class=\"elementor-element elementor-element-b779f39 elementor-widget elementor-widget-spacer\" data-id=\"b779f39\" data-element_type=\"widget\" data-widget_type=\"spacer.default\">\n\t\t\t\t<div class=\"elementor-widget-container\">\n\t\t\t\t\t\t\t<div class=\"elementor-spacer\">\n\t\t\t<div class=\"elementor-spacer-inner\"><\/div>\n\t\t<\/div>\n\t\t\t\t\t\t<\/div>\n\t\t\t\t<\/div>\n\t\t\t\t<div class=\"elementor-element elementor-element-970d45b elementor-widget-divider--view-line elementor-widget elementor-widget-divider\" data-id=\"970d45b\" data-element_type=\"widget\" data-widget_type=\"divider.default\">\n\t\t\t\t<div class=\"elementor-widget-container\">\n\t\t\t\t\t\t\t<div class=\"elementor-divider\">\n\t\t\t<span class=\"elementor-divider-separator\">\n\t\t\t\t\t\t<\/span>\n\t\t<\/div>\n\t\t\t\t\t\t<\/div>\n\t\t\t\t<\/div>\n\t\t\t\t\t<\/div>\n\t\t<\/div>\n\t\t\t\t\t<\/div>\n\t\t<\/section>\n\t\t\t\t<section class=\"elementor-section elementor-top-section elementor-element elementor-element-45f6d59 elementor-section-full_width elementor-section-stretched elementor-section-height-default elementor-section-height-default\" data-id=\"45f6d59\" data-element_type=\"section\" data-settings=\"{&quot;stretch_section&quot;:&quot;section-stretched&quot;}\">\n\t\t\t\t\t\t<div class=\"elementor-container elementor-column-gap-default\">\n\t\t\t\t\t<div class=\"elementor-column elementor-col-33 elementor-top-column elementor-element elementor-element-015f3cf elementor-hidden-tablet elementor-hidden-mobile\" data-id=\"015f3cf\" data-element_type=\"column\">\n\t\t\t<div class=\"elementor-widget-wrap\">\n\t\t\t\t\t\t\t<\/div>\n\t\t<\/div>\n\t\t\t\t<div class=\"elementor-column elementor-col-66 elementor-top-column elementor-element elementor-element-52c35ee\" data-id=\"52c35ee\" data-element_type=\"column\">\n\t\t\t<div class=\"elementor-widget-wrap elementor-element-populated\">\n\t\t\t\t\t\t<section class=\"elementor-section elementor-inner-section elementor-element elementor-element-e74e6a6 elementor-section-boxed elementor-section-height-default elementor-section-height-default\" data-id=\"e74e6a6\" data-element_type=\"section\">\n\t\t\t\t\t\t<div class=\"elementor-container elementor-column-gap-default\">\n\t\t\t\t\t<div class=\"elementor-column elementor-col-100 elementor-inner-column elementor-element elementor-element-15d40f7\" data-id=\"15d40f7\" data-element_type=\"column\">\n\t\t\t<div class=\"elementor-widget-wrap elementor-element-populated\">\n\t\t\t\t\t\t<div class=\"elementor-element elementor-element-630eaba elementor-widget elementor-widget-spacer\" data-id=\"630eaba\" data-element_type=\"widget\" data-widget_type=\"spacer.default\">\n\t\t\t\t<div class=\"elementor-widget-container\">\n\t\t\t\t\t\t\t<div class=\"elementor-spacer\">\n\t\t\t<div class=\"elementor-spacer-inner\"><\/div>\n\t\t<\/div>\n\t\t\t\t\t\t<\/div>\n\t\t\t\t<\/div>\n\t\t\t\t<div class=\"elementor-element elementor-element-d0b6099 elementor-widget elementor-widget-text-editor\" data-id=\"d0b6099\" data-element_type=\"widget\" data-widget_type=\"text-editor.default\">\n\t\t\t\t<div class=\"elementor-widget-container\">\n\t\t\t\t\t\t\t\t\t<h3>Informations concernant la soci\u00e9t\u00e9<\/h3><p>Vous \u00eates sur le site Internet d&rsquo;Anaxis Asset Management, soci\u00e9t\u00e9 par actions simplifi\u00e9e de droit fran\u00e7ais au capital de 200 000 euros, dont le num\u00e9ro d&rsquo;agr\u00e9ment AMF est GP-10000030. Son si\u00e8ge est situ\u00e9 au 9 rue Scribe, 75009 Paris, France.<\/p><p>Responsable de la publication : Thibault Danquigny, T\u00e9l.: +33 (0)9 73 87 13 22.<\/p><p>Ce site est h\u00e9berg\u00e9 par o2switch, Chem. des Pardiaux, 63000 Clermont-Ferrand.<\/p><h3>Objet du site<strong><br \/><\/strong><\/h3><p>Ce site internet s&rsquo;adresse exclusivement \u00e0 des professionnels de l&rsquo;investissement. Il a pour objet de fournir des informations sur divers produits ou services financiers de la soci\u00e9t\u00e9 Anaxis.<\/p><h3>Non sollicitation<\/h3><p>Ce site ne constitue pas une recommandation, une proposition d&rsquo;investissement, une offre de services, ni une sollicitation en vue d&rsquo;acheter ou de vendre un titre, instrument ou produit financier. Ce site \u00e0 \u00e9t\u00e9 mis en ligne dans un but d&rsquo;information uniquement et ne cr\u00e9e aucune relation commerciale entre l&rsquo;utilisateur et Anaxis. Une offre ne peut \u00eatre faite que sur la base d&rsquo;un prospectus et ne peut s&rsquo;adresser qu&rsquo;\u00e0 des investisseurs remplissant les crit\u00e8res d\u00e9finis par ce prospectus en conformit\u00e9 avec les lois et r\u00e9glementations applicables.<\/p><h3>Restrictions d&rsquo;acc\u00e8s au site<\/h3><p>Les produits mentionn\u00e9s sur ce site prennent diff\u00e9rentes formes, sont \u00e9tablis dans diverses juridictions, mettent en \u0153uvre des strat\u00e9gies de natures vari\u00e9es, sont soumis \u00e0 diff\u00e9rents r\u00e9gimes r\u00e9glementaires et s&rsquo;adressent \u00e0 diff\u00e9rentes cat\u00e9gories d&rsquo;investisseurs. L&rsquo;acc\u00e8s aux produits et services pr\u00e9sent\u00e9s sur le site peut faire l&rsquo;objet de restrictions \u00e0 l&rsquo;\u00e9gard de certaines personnes ou dans certains pays. Il vous appartient en tant que visiteur de ce site de vous informer et de respecter toutes les lois et r\u00e9glementations applicables, en particulier celles de votre domicile, celles du pays dont vous avez la nationalit\u00e9 et celles du lieu depuis lequel vous acc\u00e9dez \u00e0 ce site.<\/p><p>Anaxis n&rsquo;autorise pas la reproduction ni la distribution \u00e0 d&rsquo;autres personnes des informations obtenues depuis ce site.<\/p><h3>Conseil juridique, r\u00e9glementaire et fiscal<\/h3><p>Il appartient \u00e0 l&rsquo;utilisateur de v\u00e9rifier pr\u00e9alablement les caract\u00e9ristiques juridiques, r\u00e9glementaires, fiscales et financi\u00e8res des op\u00e9rations envisag\u00e9es au regard de sa situation particuli\u00e8re. La soci\u00e9t\u00e9 Anaxis ne fournit pas de services de nature juridique, r\u00e9glementaire ou fiscale.<\/p><h3>Avertissement sur les informations fournies<\/h3><p>Les informations de ce site n&rsquo;ont aucune valeur contractuelle. Elles ne sont pas exhaustives. Un investissement dans un produit financier ne doit \u00eatre fait qu&rsquo;apr\u00e8s une lecture attentive du prospectus et des autres documents r\u00e9glementaires d&rsquo;information. En outre, les performances pass\u00e9es ne pr\u00e9jugent pas des performances futures. Elles ne sont pas constantes dans le temps.<\/p><p>Les valeurs liquidatives, rentabilit\u00e9s et autres chiffres mentionn\u00e9s sur ce site n&rsquo;ont g\u00e9n\u00e9ralement pas \u00e9t\u00e9 certifi\u00e9s par un commissaire aux comptes et, lorsqu&rsquo;ils l&rsquo;ont \u00e9t\u00e9, doivent \u00eatre lus dans le contexte du rapport audit\u00e9 complet avec ses notes et annexes \u00e9ventuelles.<\/p><p>Les informations de ce site peuvent ne pas \u00eatre \u00e0 jour. Des informations plus r\u00e9centes peuvent \u00eatre disponibles aupr\u00e8s d&rsquo;Anaxis ou de tiers. Par ailleurs, ce site peut contenir des erreurs ou des omissions. Il est susceptible d&rsquo;\u00eatre modifi\u00e9 sans notification pr\u00e9alable. Anaxis ne peut pas garantir que ce site ou les informations qu&rsquo;il contient n&rsquo;ont pas \u00e9t\u00e9 intentionnellement alt\u00e9r\u00e9s par des tiers ou des codes malveillants.<\/p><p>Certaines des informations contenues dans ce site ont \u00e9t\u00e9 obtenues de tiers ou de sources publiques. Anaxis ne garantit pas la qualit\u00e9 de ces informations et vous devez les v\u00e9rifier de mani\u00e8re ind\u00e9pendante si vous avez l&rsquo;intention de les utiliser pour former un jugement ou prendre une d\u00e9cision. Anaxis ne sera pas responsable de l&rsquo;utilisation faite par quiconque du contenu de ce site.<\/p><p>Anaxis n&rsquo;a pas v\u00e9rifi\u00e9 les sites li\u00e9s \u00e0 celui-ci et ne peut \u00eatre tenue pour responsable du contenu de tels sites.<\/p><h3>Risques<\/h3><p>Avant toute d\u00e9cision d&rsquo;investissement, un investisseur doit lire avec attention la description des risques incluse dans le prospectus et les autres documents fournis par son correspondant \u00e0 propos du produit envisag\u00e9. Ces risques peuvent conduire \u00e0 une baisse de la valeur liquidative, voire \u00e0 une perte totale des sommes investies.<\/p><h3>Propri\u00e9t\u00e9 du site, droits d\u2019auteur (copyrights) et marques<\/h3><p>Ce site est la propri\u00e9t\u00e9 du groupe Anaxis et constitue une \u0153uvre prot\u00e9g\u00e9e au titre de la propri\u00e9t\u00e9 intellectuelle. Toute reproduction totale ou partielle des marques, logos, dessins, graphiques, textes et analyses pr\u00e9sents sur le site ou toute communication \u00e0 des tiers, ou l&rsquo;utilisation autre que dans un but priv\u00e9 est formellement interdite. Ces donn\u00e9es sont r\u00e9serv\u00e9es \u00e0 l&rsquo;usage priv\u00e9 du seul consultant du site.<\/p><p>En cas d&rsquo;infraction, l&rsquo;utilisateur engage sa responsabilit\u00e9 et s&rsquo;expose \u00e0 des poursuites judiciaires, notamment pour contrefa\u00e7on. Tout lien hypertexte avec le site www.anaxis-am.com ainsi que toute utilisation du logo devra faire l&rsquo;objet d&rsquo;une autorisation pr\u00e9alable et \u00e9crite. Le site peut contenir des liens hypertextes permettant l&rsquo;acc\u00e8s \u00e0 des sites qui ne sont pas \u00e9dit\u00e9s par le groupe Anaxis. En cons\u00e9quence, cette derni\u00e8re ne peut \u00eatre tenue pour responsable du contenu des sites auxquels l&rsquo;utilisateur du site pourrait avoir acc\u00e8s.<\/p><h3>Informations personnelles<\/h3><p>Anaxis peut collecter, stocker et utiliser des informations personnelles sur le visiteur de ce site. De telles informations seront trait\u00e9es comme confidentielles mais peuvent \u00eatre transmises au sein d&rsquo;Anaxis ou \u00e0 des fournisseurs de services lorsque cela est n\u00e9cessaire pour assurer la qualit\u00e9 de service souhait\u00e9e.<\/p><p>En application des dispositions de la loi fran\u00e7aise Informatique et Libert\u00e9s du 6 janvier 1978 (telle que modifi\u00e9e), vous pouvez exercer votre droit d&rsquo;acc\u00e8s, de rectification et de suppression des informations vous concernant en contactant le responsable de la publication.<\/p><p>par e-mail\u00a0\u00e0<br \/><a href=\"mailto:info@anaxis-am.com\">info@anaxis-am.com<\/a><\/p><p>ou par courrier \u00e0<br \/><strong>Anaxis Asset Management<\/strong><br \/>9 rue Scribe<br \/>75009 Paris<br \/>France<\/p>\t\t\t\t\t\t\t\t<\/div>\n\t\t\t\t<\/div>\n\t\t\t\t\t<\/div>\n\t\t<\/div>\n\t\t\t\t\t<\/div>\n\t\t<\/section>\n\t\t\t\t<div class=\"elementor-element elementor-element-22b2809 elementor-widget elementor-widget-spacer\" data-id=\"22b2809\" data-element_type=\"widget\" data-widget_type=\"spacer.default\">\n\t\t\t\t<div class=\"elementor-widget-container\">\n\t\t\t\t\t\t\t<div class=\"elementor-spacer\">\n\t\t\t<div class=\"elementor-spacer-inner\"><\/div>\n\t\t<\/div>\n\t\t\t\t\t\t<\/div>\n\t\t\t\t<\/div>\n\t\t\t\t\t<\/div>\n\t\t<\/div>\n\t\t\t\t\t<\/div>\n\t\t<\/section>\n\t\t\t\t<section class=\"elementor-section elementor-top-section elementor-element elementor-element-773a670 elementor-section-full_width elementor-section-stretched elementor-section-height-default elementor-section-height-default\" data-id=\"773a670\" data-element_type=\"section\" data-settings=\"{&quot;stretch_section&quot;:&quot;section-stretched&quot;}\">\n\t\t\t\t\t\t<div class=\"elementor-container elementor-column-gap-default\">\n\t\t\t\t\t<div class=\"elementor-column elementor-col-100 elementor-top-column elementor-element elementor-element-891b94f\" data-id=\"891b94f\" data-element_type=\"column\">\n\t\t\t<div class=\"elementor-widget-wrap elementor-element-populated\">\n\t\t\t\t\t\t<div class=\"elementor-element elementor-element-6676f63 elementor-widget elementor-widget-spacer\" data-id=\"6676f63\" data-element_type=\"widget\" data-widget_type=\"spacer.default\">\n\t\t\t\t<div class=\"elementor-widget-container\">\n\t\t\t\t\t\t\t<div class=\"elementor-spacer\">\n\t\t\t<div class=\"elementor-spacer-inner\"><\/div>\n\t\t<\/div>\n\t\t\t\t\t\t<\/div>\n\t\t\t\t<\/div>\n\t\t\t\t<div class=\"elementor-element elementor-element-669e91e elementor-widget-divider--view-line elementor-widget elementor-widget-divider\" data-id=\"669e91e\" data-element_type=\"widget\" data-widget_type=\"divider.default\">\n\t\t\t\t<div class=\"elementor-widget-container\">\n\t\t\t\t\t\t\t<div class=\"elementor-divider\">\n\t\t\t<span class=\"elementor-divider-separator\">\n\t\t\t\t\t\t<\/span>\n\t\t<\/div>\n\t\t\t\t\t\t<\/div>\n\t\t\t\t<\/div>\n\t\t\t\t\t<\/div>\n\t\t<\/div>\n\t\t\t\t\t<\/div>\n\t\t<\/section>\n\t\t\t\t<\/div>\n\t\t","protected":false},"excerpt":{"rendered":"<p>Mentions l\u00e9gales Informations concernant la soci\u00e9t\u00e9 Vous \u00eates sur le site Internet d&rsquo;Anaxis Asset Management, soci\u00e9t\u00e9 par actions simplifi\u00e9e de droit fran\u00e7ais au capital de 200 000 euros, dont le num\u00e9ro d&rsquo;agr\u00e9ment AMF est GP-10000030. Son si\u00e8ge est situ\u00e9 au 9 rue Scribe, 75009 Paris, France. Responsable de la publication : Thibault Danquigny, T\u00e9l.: +33 [&hellip;]<\/p>\n","protected":false},"author":2,"featured_media":0,"parent":0,"menu_order":0,"comment_status":"closed","ping_status":"closed","template":"","meta":{"footnotes":""},"class_list":["post-8259","page","type-page","status-publish","hentry"],"acf":[],"yoast_head":"<!-- This site is optimized with the Yoast SEO plugin v25.1 - https:\/\/yoast.com\/wordpress\/plugins\/seo\/ -->\n<title>Mentions L\u00e9gales - Anaxis AM<\/title>\n<meta name=\"robots\" content=\"index, follow, max-snippet:-1, max-image-preview:large, max-video-preview:-1\" \/>\n<link rel=\"canonical\" href=\"https:\/\/fervent-galileo.51-75-243-206.plesk.page\/fr\/mentions-legales\/\" \/>\n<meta property=\"og:locale\" content=\"fr_FR\" \/>\n<meta property=\"og:type\" content=\"article\" \/>\n<meta property=\"og:title\" content=\"Mentions L\u00e9gales - Anaxis AM\" \/>\n<meta property=\"og:description\" content=\"Mentions l\u00e9gales Informations concernant la soci\u00e9t\u00e9 Vous \u00eates sur le site Internet d&rsquo;Anaxis Asset Management, soci\u00e9t\u00e9 par actions simplifi\u00e9e de droit fran\u00e7ais au capital de 200 000 euros, dont le num\u00e9ro d&rsquo;agr\u00e9ment AMF est GP-10000030. Son si\u00e8ge est situ\u00e9 au 9 rue Scribe, 75009 Paris, France. Responsable de la publication : Thibault Danquigny, T\u00e9l.: +33 [&hellip;]\" \/>\n<meta property=\"og:url\" content=\"https:\/\/fervent-galileo.51-75-243-206.plesk.page\/fr\/mentions-legales\/\" \/>\n<meta property=\"og:site_name\" content=\"Anaxis AM\" \/>\n<meta property=\"article:modified_time\" content=\"2023-11-21T11:15:52+00:00\" \/>\n<meta name=\"twitter:card\" content=\"summary_large_image\" \/>\n<meta name=\"twitter:site\" content=\"@AnaxisAM\" \/>\n<meta name=\"twitter:label1\" content=\"Dur\u00e9e de lecture estim\u00e9e\" \/>\n\t<meta name=\"twitter:data1\" content=\"5 minutes\" \/>\n<script type=\"application\/ld+json\" class=\"yoast-schema-graph\">{\"@context\":\"https:\/\/schema.org\",\"@graph\":[{\"@type\":\"WebPage\",\"@id\":\"https:\/\/fervent-galileo.51-75-243-206.plesk.page\/fr\/mentions-legales\/\",\"url\":\"https:\/\/fervent-galileo.51-75-243-206.plesk.page\/fr\/mentions-legales\/\",\"name\":\"Mentions L\u00e9gales - Anaxis AM\",\"isPartOf\":{\"@id\":\"https:\/\/fervent-galileo.51-75-243-206.plesk.page\/fr\/#website\"},\"datePublished\":\"2023-09-18T10:48:34+00:00\",\"dateModified\":\"2023-11-21T11:15:52+00:00\",\"breadcrumb\":{\"@id\":\"https:\/\/fervent-galileo.51-75-243-206.plesk.page\/fr\/mentions-legales\/#breadcrumb\"},\"inLanguage\":\"fr-FR\",\"potentialAction\":[{\"@type\":\"ReadAction\",\"target\":[\"https:\/\/fervent-galileo.51-75-243-206.plesk.page\/fr\/mentions-legales\/\"]}]},{\"@type\":\"BreadcrumbList\",\"@id\":\"https:\/\/fervent-galileo.51-75-243-206.plesk.page\/fr\/mentions-legales\/#breadcrumb\",\"itemListElement\":[{\"@type\":\"ListItem\",\"position\":1,\"name\":\"Accueil\",\"item\":\"https:\/\/fervent-galileo.51-75-243-206.plesk.page\/fr\/\"},{\"@type\":\"ListItem\",\"position\":2,\"name\":\"Mentions L\u00e9gales\"}]},{\"@type\":\"WebSite\",\"@id\":\"https:\/\/fervent-galileo.51-75-243-206.plesk.page\/fr\/#website\",\"url\":\"https:\/\/fervent-galileo.51-75-243-206.plesk.page\/fr\/\",\"name\":\"Anaxis AM\",\"description\":\"Gestion d&#039;obligations corporate\",\"publisher\":{\"@id\":\"https:\/\/fervent-galileo.51-75-243-206.plesk.page\/fr\/#organization\"},\"potentialAction\":[{\"@type\":\"SearchAction\",\"target\":{\"@type\":\"EntryPoint\",\"urlTemplate\":\"https:\/\/fervent-galileo.51-75-243-206.plesk.page\/fr\/?s={search_term_string}\"},\"query-input\":{\"@type\":\"PropertyValueSpecification\",\"valueRequired\":true,\"valueName\":\"search_term_string\"}}],\"inLanguage\":\"fr-FR\"},{\"@type\":\"Organization\",\"@id\":\"https:\/\/fervent-galileo.51-75-243-206.plesk.page\/fr\/#organization\",\"name\":\"Anaxis AM\",\"url\":\"https:\/\/fervent-galileo.51-75-243-206.plesk.page\/fr\/\",\"logo\":{\"@type\":\"ImageObject\",\"inLanguage\":\"fr-FR\",\"@id\":\"https:\/\/fervent-galileo.51-75-243-206.plesk.page\/fr\/#\/schema\/logo\/image\/\",\"url\":\"https:\/\/fervent-galileo.51-75-243-206.plesk.page\/wp-content\/uploads\/2023\/03\/logotype_02_noir.svg\",\"contentUrl\":\"https:\/\/fervent-galileo.51-75-243-206.plesk.page\/wp-content\/uploads\/2023\/03\/logotype_02_noir.svg\",\"width\":198,\"height\":107,\"caption\":\"Anaxis AM\"},\"image\":{\"@id\":\"https:\/\/fervent-galileo.51-75-243-206.plesk.page\/fr\/#\/schema\/logo\/image\/\"},\"sameAs\":[\"https:\/\/x.com\/AnaxisAM\",\"https:\/\/linkedin.com\/company\/anaxis-am\"]}]}<\/script>\n<!-- \/ Yoast SEO plugin. -->","yoast_head_json":{"title":"Mentions L\u00e9gales - Anaxis AM","robots":{"index":"index","follow":"follow","max-snippet":"max-snippet:-1","max-image-preview":"max-image-preview:large","max-video-preview":"max-video-preview:-1"},"canonical":"https:\/\/fervent-galileo.51-75-243-206.plesk.page\/fr\/mentions-legales\/","og_locale":"fr_FR","og_type":"article","og_title":"Mentions L\u00e9gales - Anaxis AM","og_description":"Mentions l\u00e9gales Informations concernant la soci\u00e9t\u00e9 Vous \u00eates sur le site Internet d&rsquo;Anaxis Asset Management, soci\u00e9t\u00e9 par actions simplifi\u00e9e de droit fran\u00e7ais au capital de 200 000 euros, dont le num\u00e9ro d&rsquo;agr\u00e9ment AMF est GP-10000030. Son si\u00e8ge est situ\u00e9 au 9 rue Scribe, 75009 Paris, France. Responsable de la publication : Thibault Danquigny, T\u00e9l.: +33 [&hellip;]","og_url":"https:\/\/fervent-galileo.51-75-243-206.plesk.page\/fr\/mentions-legales\/","og_site_name":"Anaxis AM","article_modified_time":"2023-11-21T11:15:52+00:00","twitter_card":"summary_large_image","twitter_site":"@AnaxisAM","twitter_misc":{"Dur\u00e9e de lecture estim\u00e9e":"5 minutes"},"schema":{"@context":"https:\/\/schema.org","@graph":[{"@type":"WebPage","@id":"https:\/\/fervent-galileo.51-75-243-206.plesk.page\/fr\/mentions-legales\/","url":"https:\/\/fervent-galileo.51-75-243-206.plesk.page\/fr\/mentions-legales\/","name":"Mentions L\u00e9gales - Anaxis AM","isPartOf":{"@id":"https:\/\/fervent-galileo.51-75-243-206.plesk.page\/fr\/#website"},"datePublished":"2023-09-18T10:48:34+00:00","dateModified":"2023-11-21T11:15:52+00:00","breadcrumb":{"@id":"https:\/\/fervent-galileo.51-75-243-206.plesk.page\/fr\/mentions-legales\/#breadcrumb"},"inLanguage":"fr-FR","potentialAction":[{"@type":"ReadAction","target":["https:\/\/fervent-galileo.51-75-243-206.plesk.page\/fr\/mentions-legales\/"]}]},{"@type":"BreadcrumbList","@id":"https:\/\/fervent-galileo.51-75-243-206.plesk.page\/fr\/mentions-legales\/#breadcrumb","itemListElement":[{"@type":"ListItem","position":1,"name":"Accueil","item":"https:\/\/fervent-galileo.51-75-243-206.plesk.page\/fr\/"},{"@type":"ListItem","position":2,"name":"Mentions L\u00e9gales"}]},{"@type":"WebSite","@id":"https:\/\/fervent-galileo.51-75-243-206.plesk.page\/fr\/#website","url":"https:\/\/fervent-galileo.51-75-243-206.plesk.page\/fr\/","name":"Anaxis AM","description":"Gestion d&#039;obligations corporate","publisher":{"@id":"https:\/\/fervent-galileo.51-75-243-206.plesk.page\/fr\/#organization"},"potentialAction":[{"@type":"SearchAction","target":{"@type":"EntryPoint","urlTemplate":"https:\/\/fervent-galileo.51-75-243-206.plesk.page\/fr\/?s={search_term_string}"},"query-input":{"@type":"PropertyValueSpecification","valueRequired":true,"valueName":"search_term_string"}}],"inLanguage":"fr-FR"},{"@type":"Organization","@id":"https:\/\/fervent-galileo.51-75-243-206.plesk.page\/fr\/#organization","name":"Anaxis AM","url":"https:\/\/fervent-galileo.51-75-243-206.plesk.page\/fr\/","logo":{"@type":"ImageObject","inLanguage":"fr-FR","@id":"https:\/\/fervent-galileo.51-75-243-206.plesk.page\/fr\/#\/schema\/logo\/image\/","url":"https:\/\/fervent-galileo.51-75-243-206.plesk.page\/wp-content\/uploads\/2023\/03\/logotype_02_noir.svg","contentUrl":"https:\/\/fervent-galileo.51-75-243-206.plesk.page\/wp-content\/uploads\/2023\/03\/logotype_02_noir.svg","width":198,"height":107,"caption":"Anaxis AM"},"image":{"@id":"https:\/\/fervent-galileo.51-75-243-206.plesk.page\/fr\/#\/schema\/logo\/image\/"},"sameAs":["https:\/\/x.com\/AnaxisAM","https:\/\/linkedin.com\/company\/anaxis-am"]}]}},"_links":{"self":[{"href":"https:\/\/fervent-galileo.51-75-243-206.plesk.page\/fr\/wp-json\/wp\/v2\/pages\/8259","targetHints":{"allow":["GET"]}}],"collection":[{"href":"https:\/\/fervent-galileo.51-75-243-206.plesk.page\/fr\/wp-json\/wp\/v2\/pages"}],"about":[{"href":"https:\/\/fervent-galileo.51-75-243-206.plesk.page\/fr\/wp-json\/wp\/v2\/types\/page"}],"author":[{"embeddable":true,"href":"https:\/\/fervent-galileo.51-75-243-206.plesk.page\/fr\/wp-json\/wp\/v2\/users\/2"}],"replies":[{"embeddable":true,"href":"https:\/\/fervent-galileo.51-75-243-206.plesk.page\/fr\/wp-json\/wp\/v2\/comments?post=8259"}],"version-history":[{"count":40,"href":"https:\/\/fervent-galileo.51-75-243-206.plesk.page\/fr\/wp-json\/wp\/v2\/pages\/8259\/revisions"}],"predecessor-version":[{"id":12315,"href":"https:\/\/fervent-galileo.51-75-243-206.plesk.page\/fr\/wp-json\/wp\/v2\/pages\/8259\/revisions\/12315"}],"wp:attachment":[{"href":"https:\/\/fervent-galileo.51-75-243-206.plesk.page\/fr\/wp-json\/wp\/v2\/media?parent=8259"}],"curies":[{"name":"wp","href":"https:\/\/api.w.org\/{rel}","templated":true}]}}