{"id":11624,"date":"2023-09-18T12:48:34","date_gmt":"2023-09-18T10:48:34","guid":{"rendered":"http:\/\/www.clgj9277.odns.fr\/informacion-juridica\/"},"modified":"2023-11-21T13:22:46","modified_gmt":"2023-11-21T11:22:46","slug":"informacion-juridica","status":"publish","type":"page","link":"https:\/\/fervent-galileo.51-75-243-206.plesk.page\/es\/informacion-juridica\/","title":{"rendered":"Informaci\u00f3n jur\u00eddica"},"content":{"rendered":"\t\t<div data-elementor-type=\"wp-page\" data-elementor-id=\"11624\" class=\"elementor elementor-11624 elementor-8259\" data-elementor-post-type=\"page\">\n\t\t\t\t\t\t<section class=\"elementor-section elementor-top-section elementor-element elementor-element-cfe0fc5 elementor-section-full_width elementor-section-stretched elementor-section-height-default elementor-section-height-default\" data-id=\"cfe0fc5\" data-element_type=\"section\" data-settings=\"{&quot;stretch_section&quot;:&quot;section-stretched&quot;}\">\n\t\t\t\t\t\t<div class=\"elementor-container elementor-column-gap-default\">\n\t\t\t\t\t<div class=\"elementor-column elementor-col-100 elementor-top-column elementor-element elementor-element-85f678e\" data-id=\"85f678e\" data-element_type=\"column\">\n\t\t\t<div class=\"elementor-widget-wrap elementor-element-populated\">\n\t\t\t\t\t\t<div class=\"elementor-element elementor-element-f954496 elementor-widget elementor-widget-heading\" data-id=\"f954496\" data-element_type=\"widget\" data-widget_type=\"heading.default\">\n\t\t\t\t<div class=\"elementor-widget-container\">\n\t\t\t\t\t<h1 class=\"elementor-heading-title elementor-size-default\">Informaci\u00f3n jur\u00eddica<\/h1>\t\t\t\t<\/div>\n\t\t\t\t<\/div>\n\t\t\t\t<div class=\"elementor-element elementor-element-b779f39 elementor-widget elementor-widget-spacer\" data-id=\"b779f39\" data-element_type=\"widget\" data-widget_type=\"spacer.default\">\n\t\t\t\t<div class=\"elementor-widget-container\">\n\t\t\t\t\t\t\t<div class=\"elementor-spacer\">\n\t\t\t<div class=\"elementor-spacer-inner\"><\/div>\n\t\t<\/div>\n\t\t\t\t\t\t<\/div>\n\t\t\t\t<\/div>\n\t\t\t\t<div class=\"elementor-element elementor-element-970d45b elementor-widget-divider--view-line elementor-widget elementor-widget-divider\" data-id=\"970d45b\" data-element_type=\"widget\" data-widget_type=\"divider.default\">\n\t\t\t\t<div class=\"elementor-widget-container\">\n\t\t\t\t\t\t\t<div class=\"elementor-divider\">\n\t\t\t<span class=\"elementor-divider-separator\">\n\t\t\t\t\t\t<\/span>\n\t\t<\/div>\n\t\t\t\t\t\t<\/div>\n\t\t\t\t<\/div>\n\t\t\t\t\t<\/div>\n\t\t<\/div>\n\t\t\t\t\t<\/div>\n\t\t<\/section>\n\t\t\t\t<section class=\"elementor-section elementor-top-section elementor-element elementor-element-45f6d59 elementor-section-full_width elementor-section-stretched elementor-section-height-default elementor-section-height-default\" data-id=\"45f6d59\" data-element_type=\"section\" data-settings=\"{&quot;stretch_section&quot;:&quot;section-stretched&quot;}\">\n\t\t\t\t\t\t<div class=\"elementor-container elementor-column-gap-default\">\n\t\t\t\t\t<div class=\"elementor-column elementor-col-33 elementor-top-column elementor-element elementor-element-015f3cf elementor-hidden-tablet elementor-hidden-mobile\" data-id=\"015f3cf\" data-element_type=\"column\">\n\t\t\t<div class=\"elementor-widget-wrap\">\n\t\t\t\t\t\t\t<\/div>\n\t\t<\/div>\n\t\t\t\t<div class=\"elementor-column elementor-col-66 elementor-top-column elementor-element elementor-element-52c35ee\" data-id=\"52c35ee\" data-element_type=\"column\">\n\t\t\t<div class=\"elementor-widget-wrap elementor-element-populated\">\n\t\t\t\t\t\t<section class=\"elementor-section elementor-inner-section elementor-element elementor-element-e74e6a6 elementor-section-boxed elementor-section-height-default elementor-section-height-default\" data-id=\"e74e6a6\" data-element_type=\"section\">\n\t\t\t\t\t\t<div class=\"elementor-container elementor-column-gap-default\">\n\t\t\t\t\t<div class=\"elementor-column elementor-col-100 elementor-inner-column elementor-element elementor-element-15d40f7\" data-id=\"15d40f7\" data-element_type=\"column\">\n\t\t\t<div class=\"elementor-widget-wrap elementor-element-populated\">\n\t\t\t\t\t\t<div class=\"elementor-element elementor-element-630eaba elementor-widget elementor-widget-spacer\" data-id=\"630eaba\" data-element_type=\"widget\" data-widget_type=\"spacer.default\">\n\t\t\t\t<div class=\"elementor-widget-container\">\n\t\t\t\t\t\t\t<div class=\"elementor-spacer\">\n\t\t\t<div class=\"elementor-spacer-inner\"><\/div>\n\t\t<\/div>\n\t\t\t\t\t\t<\/div>\n\t\t\t\t<\/div>\n\t\t\t\t<div class=\"elementor-element elementor-element-d0b6099 elementor-widget elementor-widget-text-editor\" data-id=\"d0b6099\" data-element_type=\"widget\" data-widget_type=\"text-editor.default\">\n\t\t\t\t<div class=\"elementor-widget-container\">\n\t\t\t\t\t\t\t\t\t<h3>Corporate Information<\/h3><p>This is the website of Anaxis Asset Management, a French soci\u00e9t\u00e9 par actions simplifi\u00e9e (simplified joint stock company) with a share capital of 200,000 euros, AMF-approved number GP-10000030. Its head office is located at 9 rue Scribe, 75009 Paris, France.<\/p><p>Publication manager: Thibault Danquigny, Tel: +33 (0)9 73 87 13 22.<\/p><p>This site is hosted by o2switch, Chem. des Pardiaux, 63000 Clermont-Ferrand.<\/p><h3>Purpose<strong><br \/><\/strong><\/h3><p>This website is exclusively intended for investment professionals. Its purpose is to provide information on various products and financial services of the Anaxis group.<\/p><h3>Non Solicitation<\/h3><p>This website shall not constitute any recommendation, any investment proposal, any offer to provide any service, nor any solicitation to buy or sell any security, instrument or investment product. This website has been published for information purposes only and does not create a commercial relationship between the user and Anaxis. An offer can only be made on the basis of a prospectus, and only to qualifying investors as defined by such prospectus in compliance with applicable laws and regulations.<\/p><h3>Restricted Access<\/h3><p>The products mentioned on this website may take different forms, be established in different jurisdictions, implement various types of strategies, be subject to different regulations and target different categories of investors. Access to products and services presented on this website may be subject to restrictions with regard to certain persons or certain countries. As a visitor to this website, it is your responsibility to be aware of and to respect all applicable laws and regulations, in particular those of your domicile, your country of nationality and the place from which you access the website.<\/p><p>The information obtained from this website may not be distributed to any other person or reproduced. No link to this website may be created without Anaxis\u2019 prior consent.<\/p><h3>Legal, Regulatory and Tax Advisory<\/h3><p>The visitor to this website should first check the legal, regulatory, tax and financial characteristics of any considered transaction with regard to his\/her personal situation. The Anaxis group does not provide any legal, regulatory or tax related services.<\/p><h3>Reliance on Information<\/h3><p>The information available on this website has no contractual value. It is not a complete description of any product or service. Any investment in a financial product should only be done after a careful reading of the product\u2019s prospectus and all other regulatory information documents. In addition, past returns are no guarantee of future returns. Returns vary over time.<\/p><p>Net asset values, returns and other figures mentioned on this website have generally not been certified by any auditor and, when they have been, should be read within the context on the full audited report including its accompanying notes and appendices.<\/p><p>The information contained herein may not be up to date. More recent information may be available from Anaxis or third parties. In addition, this website may contain errors or omissions and is subject to change without notice. Anaxis cannot guarantee that this website or the information it contains has not been intentionally altered by third parties or malicious code.<\/p><p>Some information contained herein has been received from third parties or publicly available sources which Anaxis does not imply are correct and you should independently verify this information if you intend to rely upon it. Anaxis will not be liable for any reliance placed upon the content of this website by any person.<\/p><p>Anaxis has not reviewed the websites linked to this one and cannot be held responsible for the content of any such site.<\/p><h3>Risks<\/h3><p>Before any investment decision, an investor should carefully read the description of risks as mentioned in the prospectus and other documents provided by its contact person in connection with the product considered. Such risks may lead to a decrease in the value, and even a complete loss of the invested monies.<\/p><h3>Site ownership, copyrights and trademarks<\/h3><p>This site is the property of the Anaxis Group and constitutes a work protected under intellectual property law. Any reproduction in whole or in part of the trademarks, logos, drawings, graphics, texts and analyses present on the site or any communication to third parties, or any use other than for private purposes, is formally prohibited. These data are reserved for the private use of the site&#8217;s consultant only.<\/p><p>In the event of infringement, the user shall be held liable and may be prosecuted, in particular for counterfeiting. Any hypertext link to the www.anaxis-am.com website and any use of the logo must be authorised in advance in writing. The site may contain hypertext links providing access to sites that are not published by the Anaxis group. Consequently, the Anaxis Group cannot be held responsible for the content of sites to which users of the site may have access.<\/p><h3>Personal Information<\/h3><p>Anaxis may collect, store and use personal information on the visitor to this website. Such information will be treated as confidential but may be forwarded within the Anaxis group or to service providers if necessary to ensure the desired service quality.<\/p><p>In compliance with the French Loi Informatique et Libert\u00e9s of 6 January 1978 (as amended) on personal data protection you have rights of access, correction and suppression of your personal data. You may exercise these rights by contacting ANAXIS.<\/p><p>by e-mail to<br \/><a href=\"mailto:info@anaxis-am.com\">info@anaxis-am.com<\/a><\/p><p>or by post mail at<br \/><strong>Anaxis Asset Management<\/strong><br \/>9 rue Scribe<br \/>75009 Paris<br \/>France<\/p>\t\t\t\t\t\t\t\t<\/div>\n\t\t\t\t<\/div>\n\t\t\t\t\t<\/div>\n\t\t<\/div>\n\t\t\t\t\t<\/div>\n\t\t<\/section>\n\t\t\t\t<div class=\"elementor-element elementor-element-22b2809 elementor-widget elementor-widget-spacer\" data-id=\"22b2809\" data-element_type=\"widget\" data-widget_type=\"spacer.default\">\n\t\t\t\t<div class=\"elementor-widget-container\">\n\t\t\t\t\t\t\t<div class=\"elementor-spacer\">\n\t\t\t<div class=\"elementor-spacer-inner\"><\/div>\n\t\t<\/div>\n\t\t\t\t\t\t<\/div>\n\t\t\t\t<\/div>\n\t\t\t\t\t<\/div>\n\t\t<\/div>\n\t\t\t\t\t<\/div>\n\t\t<\/section>\n\t\t\t\t<section class=\"elementor-section elementor-top-section elementor-element elementor-element-773a670 elementor-section-full_width elementor-section-stretched elementor-section-height-default elementor-section-height-default\" data-id=\"773a670\" data-element_type=\"section\" data-settings=\"{&quot;stretch_section&quot;:&quot;section-stretched&quot;}\">\n\t\t\t\t\t\t<div class=\"elementor-container elementor-column-gap-default\">\n\t\t\t\t\t<div class=\"elementor-column elementor-col-100 elementor-top-column elementor-element elementor-element-891b94f\" data-id=\"891b94f\" data-element_type=\"column\">\n\t\t\t<div class=\"elementor-widget-wrap elementor-element-populated\">\n\t\t\t\t\t\t<div class=\"elementor-element elementor-element-6676f63 elementor-widget elementor-widget-spacer\" data-id=\"6676f63\" data-element_type=\"widget\" data-widget_type=\"spacer.default\">\n\t\t\t\t<div class=\"elementor-widget-container\">\n\t\t\t\t\t\t\t<div class=\"elementor-spacer\">\n\t\t\t<div class=\"elementor-spacer-inner\"><\/div>\n\t\t<\/div>\n\t\t\t\t\t\t<\/div>\n\t\t\t\t<\/div>\n\t\t\t\t<div class=\"elementor-element elementor-element-669e91e elementor-widget-divider--view-line elementor-widget elementor-widget-divider\" data-id=\"669e91e\" data-element_type=\"widget\" data-widget_type=\"divider.default\">\n\t\t\t\t<div class=\"elementor-widget-container\">\n\t\t\t\t\t\t\t<div class=\"elementor-divider\">\n\t\t\t<span class=\"elementor-divider-separator\">\n\t\t\t\t\t\t<\/span>\n\t\t<\/div>\n\t\t\t\t\t\t<\/div>\n\t\t\t\t<\/div>\n\t\t\t\t\t<\/div>\n\t\t<\/div>\n\t\t\t\t\t<\/div>\n\t\t<\/section>\n\t\t\t\t<\/div>\n\t\t","protected":false},"excerpt":{"rendered":"<p>Informaci\u00f3n jur\u00eddica Corporate Information This is the website of Anaxis Asset Management, a French soci\u00e9t\u00e9 par actions simplifi\u00e9e (simplified joint stock company) with a share capital of 200,000 euros, AMF-approved number GP-10000030. Its head office is located at 9 rue Scribe, 75009 Paris, France. Publication manager: Thibault Danquigny, Tel: +33 (0)9 73 87 13 22. [&hellip;]<\/p>\n","protected":false},"author":2,"featured_media":0,"parent":0,"menu_order":0,"comment_status":"closed","ping_status":"closed","template":"","meta":{"footnotes":""},"class_list":["post-11624","page","type-page","status-publish","hentry"],"acf":[],"yoast_head":"<!-- This site is optimized with the Yoast SEO plugin v25.1 - https:\/\/yoast.com\/wordpress\/plugins\/seo\/ -->\n<title>Informaci\u00f3n jur\u00eddica - Anaxis AM<\/title>\n<meta name=\"robots\" content=\"index, follow, max-snippet:-1, max-image-preview:large, max-video-preview:-1\" \/>\n<link rel=\"canonical\" href=\"https:\/\/fervent-galileo.51-75-243-206.plesk.page\/es\/informacion-juridica\/\" \/>\n<meta property=\"og:locale\" content=\"es_ES\" \/>\n<meta property=\"og:type\" content=\"article\" \/>\n<meta property=\"og:title\" content=\"Informaci\u00f3n jur\u00eddica - Anaxis AM\" \/>\n<meta property=\"og:description\" content=\"Informaci\u00f3n jur\u00eddica Corporate Information This is the website of Anaxis Asset Management, a French soci\u00e9t\u00e9 par actions simplifi\u00e9e (simplified joint stock company) with a share capital of 200,000 euros, AMF-approved number GP-10000030. Its head office is located at 9 rue Scribe, 75009 Paris, France. Publication manager: Thibault Danquigny, Tel: +33 (0)9 73 87 13 22. [&hellip;]\" \/>\n<meta property=\"og:url\" content=\"https:\/\/fervent-galileo.51-75-243-206.plesk.page\/es\/informacion-juridica\/\" \/>\n<meta property=\"og:site_name\" content=\"Anaxis AM\" \/>\n<meta property=\"article:modified_time\" content=\"2023-11-21T11:22:46+00:00\" \/>\n<meta name=\"twitter:card\" content=\"summary_large_image\" \/>\n<meta name=\"twitter:site\" content=\"@AnaxisAM\" \/>\n<meta name=\"twitter:label1\" content=\"Tiempo de lectura\" \/>\n\t<meta name=\"twitter:data1\" content=\"4 minutos\" \/>\n<script type=\"application\/ld+json\" class=\"yoast-schema-graph\">{\"@context\":\"https:\/\/schema.org\",\"@graph\":[{\"@type\":\"WebPage\",\"@id\":\"https:\/\/fervent-galileo.51-75-243-206.plesk.page\/es\/informacion-juridica\/\",\"url\":\"https:\/\/fervent-galileo.51-75-243-206.plesk.page\/es\/informacion-juridica\/\",\"name\":\"Informaci\u00f3n jur\u00eddica - Anaxis AM\",\"isPartOf\":{\"@id\":\"https:\/\/fervent-galileo.51-75-243-206.plesk.page\/fr\/#website\"},\"datePublished\":\"2023-09-18T10:48:34+00:00\",\"dateModified\":\"2023-11-21T11:22:46+00:00\",\"breadcrumb\":{\"@id\":\"https:\/\/fervent-galileo.51-75-243-206.plesk.page\/es\/informacion-juridica\/#breadcrumb\"},\"inLanguage\":\"es\",\"potentialAction\":[{\"@type\":\"ReadAction\",\"target\":[\"https:\/\/fervent-galileo.51-75-243-206.plesk.page\/es\/informacion-juridica\/\"]}]},{\"@type\":\"BreadcrumbList\",\"@id\":\"https:\/\/fervent-galileo.51-75-243-206.plesk.page\/es\/informacion-juridica\/#breadcrumb\",\"itemListElement\":[{\"@type\":\"ListItem\",\"position\":1,\"name\":\"Accueil\",\"item\":\"https:\/\/fervent-galileo.51-75-243-206.plesk.page\/es\/\"},{\"@type\":\"ListItem\",\"position\":2,\"name\":\"Informaci\u00f3n jur\u00eddica\"}]},{\"@type\":\"WebSite\",\"@id\":\"https:\/\/fervent-galileo.51-75-243-206.plesk.page\/fr\/#website\",\"url\":\"https:\/\/fervent-galileo.51-75-243-206.plesk.page\/fr\/\",\"name\":\"Anaxis AM\",\"description\":\"Gestion d&#039;obligations corporate\",\"publisher\":{\"@id\":\"https:\/\/fervent-galileo.51-75-243-206.plesk.page\/fr\/#organization\"},\"potentialAction\":[{\"@type\":\"SearchAction\",\"target\":{\"@type\":\"EntryPoint\",\"urlTemplate\":\"https:\/\/fervent-galileo.51-75-243-206.plesk.page\/fr\/?s={search_term_string}\"},\"query-input\":{\"@type\":\"PropertyValueSpecification\",\"valueRequired\":true,\"valueName\":\"search_term_string\"}}],\"inLanguage\":\"es\"},{\"@type\":\"Organization\",\"@id\":\"https:\/\/fervent-galileo.51-75-243-206.plesk.page\/fr\/#organization\",\"name\":\"Anaxis AM\",\"url\":\"https:\/\/fervent-galileo.51-75-243-206.plesk.page\/fr\/\",\"logo\":{\"@type\":\"ImageObject\",\"inLanguage\":\"es\",\"@id\":\"https:\/\/fervent-galileo.51-75-243-206.plesk.page\/fr\/#\/schema\/logo\/image\/\",\"url\":\"https:\/\/fervent-galileo.51-75-243-206.plesk.page\/wp-content\/uploads\/2023\/03\/logotype_02_noir.svg\",\"contentUrl\":\"https:\/\/fervent-galileo.51-75-243-206.plesk.page\/wp-content\/uploads\/2023\/03\/logotype_02_noir.svg\",\"width\":198,\"height\":107,\"caption\":\"Anaxis AM\"},\"image\":{\"@id\":\"https:\/\/fervent-galileo.51-75-243-206.plesk.page\/fr\/#\/schema\/logo\/image\/\"},\"sameAs\":[\"https:\/\/x.com\/AnaxisAM\",\"https:\/\/linkedin.com\/company\/anaxis-am\"]}]}<\/script>\n<!-- \/ Yoast SEO plugin. -->","yoast_head_json":{"title":"Informaci\u00f3n jur\u00eddica - Anaxis AM","robots":{"index":"index","follow":"follow","max-snippet":"max-snippet:-1","max-image-preview":"max-image-preview:large","max-video-preview":"max-video-preview:-1"},"canonical":"https:\/\/fervent-galileo.51-75-243-206.plesk.page\/es\/informacion-juridica\/","og_locale":"es_ES","og_type":"article","og_title":"Informaci\u00f3n jur\u00eddica - Anaxis AM","og_description":"Informaci\u00f3n jur\u00eddica Corporate Information This is the website of Anaxis Asset Management, a French soci\u00e9t\u00e9 par actions simplifi\u00e9e (simplified joint stock company) with a share capital of 200,000 euros, AMF-approved number GP-10000030. Its head office is located at 9 rue Scribe, 75009 Paris, France. Publication manager: Thibault Danquigny, Tel: +33 (0)9 73 87 13 22. [&hellip;]","og_url":"https:\/\/fervent-galileo.51-75-243-206.plesk.page\/es\/informacion-juridica\/","og_site_name":"Anaxis AM","article_modified_time":"2023-11-21T11:22:46+00:00","twitter_card":"summary_large_image","twitter_site":"@AnaxisAM","twitter_misc":{"Tiempo de lectura":"4 minutos"},"schema":{"@context":"https:\/\/schema.org","@graph":[{"@type":"WebPage","@id":"https:\/\/fervent-galileo.51-75-243-206.plesk.page\/es\/informacion-juridica\/","url":"https:\/\/fervent-galileo.51-75-243-206.plesk.page\/es\/informacion-juridica\/","name":"Informaci\u00f3n jur\u00eddica - Anaxis AM","isPartOf":{"@id":"https:\/\/fervent-galileo.51-75-243-206.plesk.page\/fr\/#website"},"datePublished":"2023-09-18T10:48:34+00:00","dateModified":"2023-11-21T11:22:46+00:00","breadcrumb":{"@id":"https:\/\/fervent-galileo.51-75-243-206.plesk.page\/es\/informacion-juridica\/#breadcrumb"},"inLanguage":"es","potentialAction":[{"@type":"ReadAction","target":["https:\/\/fervent-galileo.51-75-243-206.plesk.page\/es\/informacion-juridica\/"]}]},{"@type":"BreadcrumbList","@id":"https:\/\/fervent-galileo.51-75-243-206.plesk.page\/es\/informacion-juridica\/#breadcrumb","itemListElement":[{"@type":"ListItem","position":1,"name":"Accueil","item":"https:\/\/fervent-galileo.51-75-243-206.plesk.page\/es\/"},{"@type":"ListItem","position":2,"name":"Informaci\u00f3n jur\u00eddica"}]},{"@type":"WebSite","@id":"https:\/\/fervent-galileo.51-75-243-206.plesk.page\/fr\/#website","url":"https:\/\/fervent-galileo.51-75-243-206.plesk.page\/fr\/","name":"Anaxis AM","description":"Gestion d&#039;obligations corporate","publisher":{"@id":"https:\/\/fervent-galileo.51-75-243-206.plesk.page\/fr\/#organization"},"potentialAction":[{"@type":"SearchAction","target":{"@type":"EntryPoint","urlTemplate":"https:\/\/fervent-galileo.51-75-243-206.plesk.page\/fr\/?s={search_term_string}"},"query-input":{"@type":"PropertyValueSpecification","valueRequired":true,"valueName":"search_term_string"}}],"inLanguage":"es"},{"@type":"Organization","@id":"https:\/\/fervent-galileo.51-75-243-206.plesk.page\/fr\/#organization","name":"Anaxis AM","url":"https:\/\/fervent-galileo.51-75-243-206.plesk.page\/fr\/","logo":{"@type":"ImageObject","inLanguage":"es","@id":"https:\/\/fervent-galileo.51-75-243-206.plesk.page\/fr\/#\/schema\/logo\/image\/","url":"https:\/\/fervent-galileo.51-75-243-206.plesk.page\/wp-content\/uploads\/2023\/03\/logotype_02_noir.svg","contentUrl":"https:\/\/fervent-galileo.51-75-243-206.plesk.page\/wp-content\/uploads\/2023\/03\/logotype_02_noir.svg","width":198,"height":107,"caption":"Anaxis AM"},"image":{"@id":"https:\/\/fervent-galileo.51-75-243-206.plesk.page\/fr\/#\/schema\/logo\/image\/"},"sameAs":["https:\/\/x.com\/AnaxisAM","https:\/\/linkedin.com\/company\/anaxis-am"]}]}},"_links":{"self":[{"href":"https:\/\/fervent-galileo.51-75-243-206.plesk.page\/es\/wp-json\/wp\/v2\/pages\/11624","targetHints":{"allow":["GET"]}}],"collection":[{"href":"https:\/\/fervent-galileo.51-75-243-206.plesk.page\/es\/wp-json\/wp\/v2\/pages"}],"about":[{"href":"https:\/\/fervent-galileo.51-75-243-206.plesk.page\/es\/wp-json\/wp\/v2\/types\/page"}],"author":[{"embeddable":true,"href":"https:\/\/fervent-galileo.51-75-243-206.plesk.page\/es\/wp-json\/wp\/v2\/users\/2"}],"replies":[{"embeddable":true,"href":"https:\/\/fervent-galileo.51-75-243-206.plesk.page\/es\/wp-json\/wp\/v2\/comments?post=11624"}],"version-history":[{"count":16,"href":"https:\/\/fervent-galileo.51-75-243-206.plesk.page\/es\/wp-json\/wp\/v2\/pages\/11624\/revisions"}],"predecessor-version":[{"id":12324,"href":"https:\/\/fervent-galileo.51-75-243-206.plesk.page\/es\/wp-json\/wp\/v2\/pages\/11624\/revisions\/12324"}],"wp:attachment":[{"href":"https:\/\/fervent-galileo.51-75-243-206.plesk.page\/es\/wp-json\/wp\/v2\/media?parent=11624"}],"curies":[{"name":"wp","href":"https:\/\/api.w.org\/{rel}","templated":true}]}}